{"id":7167,"date":"2022-06-07T12:24:37","date_gmt":"2022-06-07T10:24:37","guid":{"rendered":"https:\/\/letscureacc.com\/?page_id=7167"},"modified":"2024-05-10T12:53:22","modified_gmt":"2024-05-10T10:53:22","slug":"grupos-do-facebook","status":"publish","type":"page","link":"https:\/\/letscureacc.com\/pt-pt\/grupos-do-facebook\/","title":{"rendered":"Grupos do facebook"},"content":{"rendered":"\t\t<div data-elementor-type=\"wp-page\" data-elementor-id=\"7167\" class=\"elementor elementor-7167 elementor-674\">\n\t\t\t\t\t\t<section class=\"elementor-section elementor-top-section elementor-element elementor-element-2f84ef40 elementor-section-full_width elementor-section-height-default elementor-section-height-default parallax_section_no qode_elementor_container_no\" data-id=\"2f84ef40\" data-element_type=\"section\" data-e-type=\"section\" data-settings=\"{&quot;background_background&quot;:&quot;classic&quot;}\">\n\t\t\t\t\t\t<div class=\"elementor-container elementor-column-gap-default\">\n\t\t\t\t\t<div class=\"elementor-column elementor-col-100 elementor-top-column elementor-element elementor-element-55596fa4\" data-id=\"55596fa4\" data-element_type=\"column\" data-e-type=\"column\">\n\t\t\t<div class=\"elementor-widget-wrap elementor-element-populated\">\n\t\t\t\t\t\t<section class=\"elementor-section elementor-inner-section elementor-element elementor-element-da1aa8c elementor-section-boxed elementor-section-height-default elementor-section-height-default parallax_section_no qode_elementor_container_no\" data-id=\"da1aa8c\" data-element_type=\"section\" data-e-type=\"section\">\n\t\t\t\t\t\t<div class=\"elementor-container elementor-column-gap-extended\">\n\t\t\t\t\t<div class=\"elementor-column elementor-col-100 elementor-inner-column elementor-element elementor-element-916ce81\" data-id=\"916ce81\" data-element_type=\"column\" data-e-type=\"column\">\n\t\t\t<div class=\"elementor-widget-wrap elementor-element-populated\">\n\t\t\t\t\t\t<div class=\"elementor-element elementor-element-0119b7a elementor-widget elementor-widget-text-editor\" data-id=\"0119b7a\" data-element_type=\"widget\" data-e-type=\"widget\" data-widget_type=\"text-editor.default\">\n\t\t\t\t<div class=\"elementor-widget-container\">\n\t\t\t\t\t\t\t\t\t<h2 style=\"text-align: center;\">GRUPOS DE FACEBOOK \u00c0 VOLTA DO MUNDO PARA TROCAS ENTRE PACIENTES<\/h2>\n<p>Somos apenas alguns poucos pacientes em todo o mundo com esta doen\u00e7a \u00f3rf\u00e3, e para alguns de n\u00f3s, ela pode ser isolar muito. Ser capaz de interagir com outros \u00e9 crucial: voc\u00ea pode conhecer pessoas que passam pela mesma situa\u00e7\u00e3o (ou quase a mesma) e que t\u00eam as mesmas perguntas\u2026<\/p>\n<p>N\u00e3o h\u00e1 muitos websites que falam sobre nosso tipo de c\u00e2ncer, pois \u00e9 t\u00e3o raro. Mas voc\u00ea ainda pode encontrar alguns recursos em diferentes websites.<\/p>\n<p>Aqui est\u00e1 uma lista de sites onde o Carcinoma do C\u00f3rtex Adrenal (CCA ou ACC) \u00e9 mencionado, em todo o mundo, em diferentes idiomas.<\/p>\n<p>Se voc\u00ea conhece outros grupos, se faz favor entre em\u00a0<a href=\"https:\/\/lcacc.wpengine.com\/contate-nos\/?lang=pt-pt\">contato conosco<\/a>\u00a0para que possamos pedir autoriza\u00e7\u00e3o aos seus administradores para os colocar neste site.<\/p>\n<p>Obrigado \u00e0s pessoas que ajudam na elabora\u00e7\u00e3o do site: Petra BRUEGMANN (Alem\u00e3o), Kathleen FRISTENSKY e Th\u00e9r\u00e8se RODRIGUEZ (Espanhol), Edoardo TERZOLO e Coralie GAMBRO (Italiano), Emmanuelle AFONSO, H\u00e9l\u00e8ne SOBRAL e Maria VILLARES FRAGOSO (Portugu\u00eas\/ Brasileiro), Melody ZHANG (Chin\u00eas), Kazutaka NANBA e Editage-Cactus Communications (Japon\u00eas).<\/p>\n\t\t\t\t\t\t\t\t<\/div>\n\t\t\t\t<\/div>\n\t\t\t\t\t<\/div>\n\t\t<\/div>\n\t\t\t\t\t<\/div>\n\t\t<\/section>\n\t\t\t\t\t<\/div>\n\t\t<\/div>\n\t\t\t\t\t<\/div>\n\t\t<\/section>\n\t\t\t\t<section class=\"elementor-section elementor-top-section elementor-element elementor-element-9ad4416 qode_elementor_container_inner elementor-section-boxed elementor-section-height-default elementor-section-height-default parallax_section_no\" data-id=\"9ad4416\" data-element_type=\"section\" data-e-type=\"section\" data-settings=\"{&quot;background_background&quot;:&quot;classic&quot;}\">\n\t\t\t\t\t\t<div class=\"elementor-container elementor-column-gap-default\">\n\t\t\t\t\t<div class=\"elementor-column elementor-col-100 elementor-top-column elementor-element elementor-element-c6af9da\" data-id=\"c6af9da\" data-element_type=\"column\" data-e-type=\"column\">\n\t\t\t<div class=\"elementor-widget-wrap elementor-element-populated\">\n\t\t\t\t\t\t<div class=\"elementor-element elementor-element-07b2e2b elementor-widget elementor-widget-text-editor\" data-id=\"07b2e2b\" data-element_type=\"widget\" data-e-type=\"widget\" data-widget_type=\"text-editor.default\">\n\t\t\t\t<div class=\"elementor-widget-container\">\n\t\t\t\t\t\t\t\t\t<h3>Ingl\u00eas:<\/h3>\n<ul>\n<li aria-level=\"1\"><strong><a href=\"https:\/\/www.facebook.com\/groups\/122363381701199\/about\">ADRENAL CANCER WARRIORS\u2026STRONGER TOGETHER\u00a0<\/a><\/strong><\/li>\n<li aria-level=\"1\"><strong><a href=\"https:\/\/www.facebook.com\/groups\/537735743093284\/about\">ADRENAL HOPE<\/a><\/strong><\/li>\n<li aria-level=\"1\"><a href=\"https:\/\/www.facebook.com\/AssociationforMENdisorders\/\"><strong>AMEND<\/strong><\/a><\/li>\n<\/ul>\n<h3><\/h3>\n<h3>Brasileiro \/ Portugu\u00eas:<\/h3>\n<ul>\n<li><a href=\"https:\/\/www.facebook.com\/abaddisonbrasil\" target=\"_blank\" rel=\"noopener\">ABADDISONBRASIL<\/a><\/li>\n<\/ul>\n<h3><\/h3>\n<h3>Chin\u00eas:<\/h3>\n<ul>\n<li><a href=\"https:\/\/www.facebook.com\/CORDChina\/\">CORD<\/a><\/li>\n<\/ul>\n<h3><\/h3>\n<h3>Franc\u00eas:<\/h3>\n<ul>\n<li aria-level=\"1\"><strong><a href=\"https:\/\/www.facebook.com\/groups\/198180076903407\/about\">CORTICOSURR\u00c9NALOME MALADIE ENDOCRINE<\/a><\/strong><\/li>\n<li aria-level=\"1\"><strong><a href=\"https:\/\/www.facebook.com\/groups\/542435622433109\/about\">SOUTIEN CORTICOSURR\u00c9NALOME, ADDISON ET CUSHING<\/a><\/strong><\/li>\n<\/ul>\n<h3><\/h3>\n<h3>Russo:<\/h3>\n<ul>\n<li aria-level=\"1\"><strong><a href=\"https:\/\/www.facebook.com\/groups\/357604215111396\/about\">\u0410\u041a\u0420 \u2013 \u0410\u0434\u0440\u0435\u043d\u043e\u043a\u043e\u0440\u0442\u0438\u043a\u0430\u043b\u044c\u043d\u044b\u0439 \u0440\u0430\u043a \u2013 \u0440\u0430\u043a \u043a\u043e\u0440\u044b \u043d\u0430\u0434\u043f\u043e\u0447\u0435\u0447\u043d\u0438\u043a\u0430<\/a><\/strong><\/li>\n<\/ul>\n<h3><\/h3>\n<h3>Espanhol:<\/h3>\n<ul>\n<li><strong><a href=\"https:\/\/www.facebook.com\/Adisen.es\">ADISEN \u2013 ASOCIACION NACIONAL DE ADDISON Y OTRAS ENFERMEDADES ENDOCRINAS<\/a><\/strong><\/li>\n<\/ul>\n\t\t\t\t\t\t\t\t<\/div>\n\t\t\t\t<\/div>\n\t\t\t\t\t<\/div>\n\t\t<\/div>\n\t\t\t\t\t<\/div>\n\t\t<\/section>\n\t\t\t\t<\/div>\n\t\t","protected":false},"excerpt":{"rendered":"<p>GRUPOS DE FACEBOOK \u00c0 VOLTA DO MUNDO PARA TROCAS ENTRE PACIENTES Somos apenas alguns poucos pacientes em todo o mundo com esta doen\u00e7a \u00f3rf\u00e3, e para alguns de n\u00f3s, ela pode ser isolar muito. Ser capaz de interagir com outros \u00e9 crucial: voc\u00ea pode conhecer&#8230;<\/p>\n","protected":false},"author":416,"featured_media":0,"parent":0,"menu_order":0,"comment_status":"closed","ping_status":"closed","template":"full_width.php","meta":{"give_campaign_id":0,"inline_featured_image":false,"footnotes":""},"class_list":["post-7167","page","type-page","status-publish","hentry"],"campaignId":"","_links":{"self":[{"href":"https:\/\/letscureacc.com\/pt-pt\/wp-json\/wp\/v2\/pages\/7167","targetHints":{"allow":["GET"]}}],"collection":[{"href":"https:\/\/letscureacc.com\/pt-pt\/wp-json\/wp\/v2\/pages"}],"about":[{"href":"https:\/\/letscureacc.com\/pt-pt\/wp-json\/wp\/v2\/types\/page"}],"author":[{"embeddable":true,"href":"https:\/\/letscureacc.com\/pt-pt\/wp-json\/wp\/v2\/users\/416"}],"replies":[{"embeddable":true,"href":"https:\/\/letscureacc.com\/pt-pt\/wp-json\/wp\/v2\/comments?post=7167"}],"version-history":[{"count":0,"href":"https:\/\/letscureacc.com\/pt-pt\/wp-json\/wp\/v2\/pages\/7167\/revisions"}],"wp:attachment":[{"href":"https:\/\/letscureacc.com\/pt-pt\/wp-json\/wp\/v2\/media?parent=7167"}],"curies":[{"name":"wp","href":"https:\/\/api.w.org\/{rel}","templated":true}]}}