{"id":7432,"date":"2022-06-13T12:42:28","date_gmt":"2022-06-13T10:42:28","guid":{"rendered":"https:\/\/letscureacc.com\/?page_id=7432"},"modified":"2022-06-13T12:43:12","modified_gmt":"2022-06-13T10:43:12","slug":"clausulas-de-exclusao-da-responsabilidade","status":"publish","type":"page","link":"https:\/\/letscureacc.com\/pt-pt\/clausulas-de-exclusao-da-responsabilidade\/","title":{"rendered":"Cl\u00e1usulas de Exclus\u00e3o da Responsabilidade"},"content":{"rendered":"\t\t<div data-elementor-type=\"wp-page\" data-elementor-id=\"7432\" class=\"elementor elementor-7432 elementor-2255\">\n\t\t\t\t\t\t<section class=\"elementor-section elementor-top-section elementor-element elementor-element-7b36cf9 elementor-section-boxed elementor-section-height-default elementor-section-height-default parallax_section_no qode_elementor_container_no\" data-id=\"7b36cf9\" data-element_type=\"section\" data-e-type=\"section\">\n\t\t\t\t\t\t<div class=\"elementor-container elementor-column-gap-default\">\n\t\t\t\t\t<div class=\"elementor-column elementor-col-100 elementor-top-column elementor-element elementor-element-9492b56\" data-id=\"9492b56\" data-element_type=\"column\" data-e-type=\"column\">\n\t\t\t<div class=\"elementor-widget-wrap elementor-element-populated\">\n\t\t\t\t\t\t<section class=\"elementor-section elementor-inner-section elementor-element elementor-element-ab0ade8 elementor-section-boxed elementor-section-height-default elementor-section-height-default parallax_section_no qode_elementor_container_no\" data-id=\"ab0ade8\" data-element_type=\"section\" data-e-type=\"section\">\n\t\t\t\t\t\t<div class=\"elementor-container elementor-column-gap-default\">\n\t\t\t\t\t<div class=\"elementor-column elementor-col-100 elementor-inner-column elementor-element elementor-element-943c94a\" data-id=\"943c94a\" data-element_type=\"column\" data-e-type=\"column\">\n\t\t\t<div class=\"elementor-widget-wrap elementor-element-populated\">\n\t\t\t\t\t\t<div class=\"elementor-element elementor-element-a3f6b8b elementor-widget elementor-widget-text-editor\" data-id=\"a3f6b8b\" data-element_type=\"widget\" data-e-type=\"widget\" data-widget_type=\"text-editor.default\">\n\t\t\t\t<div class=\"elementor-widget-container\">\n\t\t\t\t\t\t\t\t\t<h2 style=\"text-align: center;\">Cl\u00e1usulas de Exclus\u00e3o da Responsabilidade<\/h2><p>Let&#8217;s Cure ACC n\u00e3o pratica medicina, n\u00e3o \u00e9 uma autoridade m\u00e9dica, e n\u00e3o reivindica conhecimento m\u00e9dico.<br \/>Let&#8217;s Cure ACC n\u00e3o pretende tratar, diagnosticar ou ser um substituto para o aconselhamento m\u00e9dico. Procure aconselhamento m\u00e9dico ou de outro profissional de sa\u00fade qualificado sobre a sua sa\u00fade, tratamento ou medica\u00e7\u00e3o.<\/p><p>Let&#8217;s Cure ACC n\u00e3o pode ser responsabilizado pelo conte\u00fado de outras publica\u00e7\u00f5es ou websites acessados a partir de links do nosso website.<\/p>\t\t\t\t\t\t\t\t<\/div>\n\t\t\t\t<\/div>\n\t\t\t\t\t<\/div>\n\t\t<\/div>\n\t\t\t\t\t<\/div>\n\t\t<\/section>\n\t\t\t\t\t<\/div>\n\t\t<\/div>\n\t\t\t\t\t<\/div>\n\t\t<\/section>\n\t\t\t\t<\/div>\n\t\t","protected":false},"excerpt":{"rendered":"<p>Cl\u00e1usulas de Exclus\u00e3o da Responsabilidade Let&#8217;s Cure ACC n\u00e3o pratica medicina, n\u00e3o \u00e9 uma autoridade m\u00e9dica, e n\u00e3o reivindica conhecimento m\u00e9dico.Let&#8217;s Cure ACC n\u00e3o pretende tratar, diagnosticar ou ser um substituto para o aconselhamento m\u00e9dico. Procure aconselhamento m\u00e9dico ou de outro profissional de sa\u00fade qualificado&#8230;<\/p>\n","protected":false},"author":416,"featured_media":0,"parent":0,"menu_order":0,"comment_status":"closed","ping_status":"closed","template":"","meta":{"give_campaign_id":0,"inline_featured_image":false,"footnotes":""},"class_list":["post-7432","page","type-page","status-publish","hentry"],"campaignId":"","_links":{"self":[{"href":"https:\/\/letscureacc.com\/pt-pt\/wp-json\/wp\/v2\/pages\/7432","targetHints":{"allow":["GET"]}}],"collection":[{"href":"https:\/\/letscureacc.com\/pt-pt\/wp-json\/wp\/v2\/pages"}],"about":[{"href":"https:\/\/letscureacc.com\/pt-pt\/wp-json\/wp\/v2\/types\/page"}],"author":[{"embeddable":true,"href":"https:\/\/letscureacc.com\/pt-pt\/wp-json\/wp\/v2\/users\/416"}],"replies":[{"embeddable":true,"href":"https:\/\/letscureacc.com\/pt-pt\/wp-json\/wp\/v2\/comments?post=7432"}],"version-history":[{"count":0,"href":"https:\/\/letscureacc.com\/pt-pt\/wp-json\/wp\/v2\/pages\/7432\/revisions"}],"wp:attachment":[{"href":"https:\/\/letscureacc.com\/pt-pt\/wp-json\/wp\/v2\/media?parent=7432"}],"curies":[{"name":"wp","href":"https:\/\/api.w.org\/{rel}","templated":true}]}}