{"id":7437,"date":"2022-06-13T12:44:18","date_gmt":"2022-06-13T10:44:18","guid":{"rendered":"https:\/\/letscureacc.com\/?page_id=7437"},"modified":"2025-11-13T16:36:02","modified_gmt":"2025-11-13T15:36:02","slug":"torne-se-membro","status":"publish","type":"page","link":"https:\/\/letscureacc.com\/pt-pt\/torne-se-membro\/","title":{"rendered":"Torne-se membro!"},"content":{"rendered":"\t\t<div data-elementor-type=\"wp-page\" data-elementor-id=\"7437\" class=\"elementor elementor-7437 elementor-512\">\n\t\t\t\t\t\t<section class=\"elementor-section elementor-top-section elementor-element elementor-element-9c5577b elementor-section-boxed elementor-section-height-default elementor-section-height-default parallax_section_no qode_elementor_container_no\" data-id=\"9c5577b\" data-element_type=\"section\" data-e-type=\"section\">\n\t\t\t\t\t\t<div class=\"elementor-container elementor-column-gap-default\">\n\t\t\t\t\t<div class=\"elementor-column elementor-col-100 elementor-top-column elementor-element elementor-element-403e058\" data-id=\"403e058\" data-element_type=\"column\" data-e-type=\"column\">\n\t\t\t<div class=\"elementor-widget-wrap elementor-element-populated\">\n\t\t\t\t\t\t<div class=\"elementor-element elementor-element-bb5320c elementor-widget elementor-widget-text-editor\" data-id=\"bb5320c\" data-element_type=\"widget\" data-e-type=\"widget\" data-widget_type=\"text-editor.default\">\n\t\t\t\t<div class=\"elementor-widget-container\">\n\t\t\t\t\t\t\t\t\t<h2 style=\"text-align: center;\">SOMOS UMA ASSOCIA\u00c7\u00c3O E PRECISAMOS DE MEMBROS!<\/h2><p><span style=\"font-weight: 400;\">Estamos cientes dos altos custos que esta doen\u00e7a acarreta, e \u00e9 por isso que mantemos nossa contribui\u00e7\u00e3o de associa\u00e7\u00e3o simb\u00f3lica. Sugerimos e apreciamos profundamente uma doa\u00e7\u00e3o de $20, mas voc\u00ea \u00e9 livre para doar o valor que achar adequado \u2014 seja mais ou menos. Cada contribui\u00e7\u00e3o faz a diferen\u00e7a, seja voc\u00ea paciente, cuidador, familiar, amigo ou profissional de sa\u00fade.<\/span><\/p><p><strong>Como o dinheiro \u00e9 utilizado<\/strong><\/p><p>Iremos divulgar um relat\u00f3rio financeiro anual, com receitas e gastos detalhados. Para informa\u00e7\u00e3o, o dinheiro coletado ser\u00e1 utilizado para:<\/p><ul><li>As taxas da pr\u00f3pria associa\u00e7\u00e3o.<\/li><li>Manuten\u00e7\u00e3o do site.<\/li><li><strong>E principalmente para financiar pesquisa m\u00e9dica<\/strong>: os detalhes do gasto por financiamento ser\u00e3o indicados na newsletter.<\/li><\/ul><p>A maior parte do site \u00e9 p\u00fablica, aberta a qualquer pessoa, que procura informa\u00e7\u00f5es. O nosso objetivo \u00e9 federar a comunidade ACC (Carcinoma do C\u00f3rtex Adrenal). Mas h\u00e1 uma pequena parte &#8220;SOMENTE PARA MEMBROS&#8221; que lhe d\u00e1 os nomes e contatos dos especialistas m\u00e9dicos (com seu acordo individual), as \u00faltimas informa\u00e7\u00f5es m\u00e9dicas e as \u00faltimas not\u00edcias sobre a comunidade ACC (Carcinoma do C\u00f3rtex Adrenal) e que est\u00e3o passando por testes m\u00e9dicos. Escolhemos solicitar a ades\u00e3o somente para esta parte do site.<\/p><p><span style=\"font-weight: 400;\">Escolha o valor que deseja doar \u2013 sugerimos $20, mas qualquer contribui\u00e7\u00e3o \u00e9 bem-vinda. Voc\u00ea ser\u00e1 redirecionado ao site seguro do PayPal para concluir o pagamento. N\u00e3o h\u00e1 renova\u00e7\u00e3o autom\u00e1tica das taxas de associa\u00e7\u00e3o.<\/span><\/p>\t\t\t\t\t\t\t\t<\/div>\n\t\t\t\t<\/div>\n\t\t\t\t\t<\/div>\n\t\t<\/div>\n\t\t\t\t\t<\/div>\n\t\t<\/section>\n\t\t\t\t<section class=\"elementor-section elementor-top-section elementor-element elementor-element-7de7387c elementor-section-boxed elementor-section-height-default elementor-section-height-default parallax_section_no qode_elementor_container_no\" data-id=\"7de7387c\" data-element_type=\"section\" data-e-type=\"section\">\n\t\t\t\t\t\t<div class=\"elementor-container elementor-column-gap-default\">\n\t\t\t\t\t<div class=\"elementor-column elementor-col-100 elementor-top-column elementor-element elementor-element-5cbdacac\" data-id=\"5cbdacac\" data-element_type=\"column\" data-e-type=\"column\">\n\t\t\t<div class=\"elementor-widget-wrap elementor-element-populated\">\n\t\t\t\t\t\t<div class=\"elementor-element elementor-element-12c53e4 elementor-widget elementor-widget-shortcode\" data-id=\"12c53e4\" data-element_type=\"widget\" data-e-type=\"widget\" data-widget_type=\"shortcode.default\">\n\t\t\t\t<div class=\"elementor-widget-container\">\n\t\t\t\t\t\t\t<div class=\"elementor-shortcode\">        <form enctype=\"multipart\/form-data\" method=\"post\" id=\"wppb-register-user\" class=\"wppb-user-forms wppb-register-user wppb-user-logged-out\" action=\"https:\/\/letscureacc.com\/pt-pt\/wp-json\/wp\/v2\/pages\/7437\">\n\t\t\t<ul><li class=\"wppb-form-field wppb-default-username\" id=\"wppb-form-element-2\">\n\t\t\t<label for=\"username\">Nome de usu\u00e1rio<span class=\"wppb-required\" title=\"This field is required\">*<\/span><\/label>\n\t\t\t<input class=\"text-input default_field_username \" name=\"username\" maxlength=\"70\" type=\"text\" id=\"username\" value=\"\"  \/><\/li><li class=\"wppb-form-field wppb-default-first-name\" id=\"wppb-form-element-3\">\n\t\t\t<label for=\"first_name\">Nome<\/label>\n\t\t\t<input class=\"text-input default_field_firstname \" name=\"first_name\" maxlength=\"70\" type=\"text\" id=\"first_name\" value=\"\"  \/><\/li><li class=\"wppb-form-field wppb-default-last-name\" id=\"wppb-form-element-4\">\n\t\t\t<label for=\"last_name\">Sobrenome<\/label>\n\t\t\t<input class=\"text-input default_field_lastname \" name=\"last_name\" maxlength=\"70\" type=\"text\" id=\"last_name\" value=\"\" \/><\/li><li class=\"wppb-form-field wppb-default-e-mail\" id=\"wppb-form-element-8\">\n\t\t\t<label for=\"email\">E-mail<span class=\"wppb-required\" title=\"This field is required\">*<\/span><\/label>\n\t\t\t<input class=\"text-input default_field_email \" name=\"email\" maxlength=\"70\" type=\"email\" id=\"email\" value=\"\"   \/><\/li><li class=\"wppb-form-field wppb-select\" id=\"wppb-form-element-21\">\n\t\t\t\t<label for=\"custom_field_4\">Quem \u00e9 voc\u00ea?<span class=\"wppb-required\" title=\"This field is required\">*<\/span><\/label>\n\t\t\t\t<select name=\"custom_field_4\" id=\"custom_field_4\" class=\"custom_field_select\" ><option value=\"Patient\" class=\"custom_field_select_option \" >Paciente<\/option><option value=\"Caregiver \/ friend of a patient\" class=\"custom_field_select_option \" >Cuidador \/ amigo de um paciente<\/option><option value=\"Medical professional\" class=\"custom_field_select_option \" >M\u00e9dico especialista<\/option><option value=\"Other\" class=\"custom_field_select_option \" >Outro (se outro por favor diga-nos na mensagem)<\/option>\n\t\t\t\t<\/select><\/li><li class=\"wppb-form-field wppb-select\" id=\"wppb-form-element-22\">\n\t\t\t\t<label for=\"custom_field_5\">Qual \u00e9 seu interesse em se tornar um membro?*<span class=\"wppb-required\" title=\"This field is required\">*<\/span><\/label>\n\t\t\t\t<select name=\"custom_field_5\" id=\"custom_field_5\" class=\"custom_field_select\" ><option value=\"Thankful for the help of the website and want to contribute\/keep in touch\" class=\"custom_field_select_option \" >Entre em contato com outros pacientes\/cuidadores<\/option><option value=\"Get in touch with medical experts\" class=\"custom_field_select_option \" >Encontre dicas e ajuda<\/option><option value=\"Knowing the latest in research on ACC\" class=\"custom_field_select_option \" >Entre em contato com os m\u00e9dicos<\/option><option value=\"Giving to research\" class=\"custom_field_select_option \" >Saiba mais sobre o ACC<\/option><option value=\"Receive the newsletter\" class=\"custom_field_select_option \" >Fa\u00e7a uma doa\u00e7\u00e3o para investiga\u00e7\u00e3o m\u00e9dica<\/option><option value=\"Other\" class=\"custom_field_select_option \" >Entre em contato com os administradores<\/option>\n\t\t\t\t<\/select><\/li><li class=\"wppb-form-field wppb-select-country\" id=\"wppb-form-element-19\"><\/li><li class=\"wppb-form-field wppb-default-password\" id=\"wppb-form-element-12\">\n\t\t\t<label for=\"passw1\">Senha<span class=\"wppb-required\" title=\"This field is required\">*<\/span><\/label>\n            <span class=\"wppb-password-field-container\">\n\t\t\t    <input class=\"text-input \" name=\"passw1\" maxlength=\"70\" type=\"password\" id=\"passw1\" value=\"\" autocomplete=\"off\" \/>\n\t\t\t     <!-- add the HTML for the visibility toggle -->\n\t\t\t<\/span><span class=\"wppb-description-delimiter\"> <\/span><\/li><li class=\"wppb-form-field wppb-default-repeat-password\" id=\"wppb-form-element-13\">\n\t\t\t<label for=\"passw2\">Repita a senha<span class=\"wppb-required\" title=\"This field is required\">*<\/span><\/label>\n\t\t\t<span class=\"wppb-password-field-container\">\n\t\t\t    <input class=\"text-input \" name=\"passw2\" maxlength=\"70\" type=\"password\" id=\"passw2\" value=\"\" autocomplete=\"off\" \/>\n\t\t\t     <!-- add the HTML for the visibility toggle -->\n\t\t\t<\/span><\/li><li class=\"wppb-form-field wppb-mailchimp-subscribe\" id=\"wppb-form-element-20\"><\/li><li class=\"wppb-form-field wppb-subscription-plans\" id=\"wppb-form-element-14\"><div class=\"pms-subscription-plan pms-hidden pms-subscription-plan-7770\"><input type=\"hidden\" name=\"subscription_plans\" data-price=\"1\" data-duration=\"1\" data-fixed_membership=\"\" data-allow_renew=\"\" data-sign_up_fee=\"0\" data-trial=\"0\" data-recurring=\"0\"  value=\"7770\" \/><label><span class=\"pms-subscription-plan-name\">Membro<\/span><span class=\"pms-subscription-plan-price\"><span class=\"pms-divider\"> - <\/span> Quanto voc\u00ea gostaria de doar? (&#8364;) <input name=\"subscription_price_7770\" type=\"text\" class=\"small pms_pwyw_pricing\" value=\"1\"><span class=\"pms-divider pms-duration-divider\"> \/ <\/span><span class=\"pms-subscription-plan-duration\">1 Year<\/span><\/span><span class=\"pms-subscription-plan-trial\"><\/span><span class=\"pms-subscription-plan-sign-up-fee\"><\/span><\/label><\/div><input type=\"hidden\" name=\"pms_default_recurring\" value=\"3\" \/><\/li><li class=\"wppb-form-field wppb-recaptcha wppb-recaptcha-v2\" id=\"wppb-form-element-15\"><label for=\"recaptcha_response_field\"> <span class=\"wppb-required\" title=\"This field is required\">*<\/span><\/label><div id=\"wppb-recaptcha-element-pb_register1\" class=\"wppb-recaptcha-element \"><\/div><span class=\"wppb-description-delimiter\"> <\/span><\/li><div class=\"pms-paygates-holder\"><div id=\"pms-paygates-wrapper\"><h3>Select a Payment Method<\/h3><div id=\"pms-paygates-inner\"><label><input type=\"radio\" class=\"pms_pay_gate\" name=\"pay_gate\" value=\"manual\" data-sign_up_fee=\"1\" data-trial=\"1\" data-recurring=\"1\"  \/><span class=\"pms-paygate-name\">Manual \/ Offline<\/span><\/label><label><input type=\"radio\" class=\"pms_pay_gate\" name=\"pay_gate\" value=\"paypal_connect\" data-sign_up_fee=\"1\" data-trial=\"1\" data-recurring=\"1\"  data-type=\"extra_fields\" \/><span class=\"pms-paygate-name\">PayPal<\/span><\/label><label><input type=\"radio\" class=\"pms_pay_gate\" name=\"pay_gate\" value=\"stripe_connect\"  checked='checked'data-sign_up_fee=\"1\" data-trial=\"1\" data-recurring=\"1\"  data-type=\"extra_fields\" \/><span class=\"pms-paygate-name\">Credit \/ Debit Card<\/span><\/label><\/div><div id=\"pms-gateways-not-available\"><span>No payment methods are available for the selected subscription plan.<\/span><\/div><\/div><ul id=\"pms-stripe-connect\" class=\"pms-field-section pms-paygate-extra-fields pms-paygate-extra-fields-stripe_connect\"><li class=\"pms-field pms-field-type-heading \"><h3>Payment Details<\/h3><\/li><div class=\"pms-spinner__holder\"><div class=\"pms-spinner\"><\/div><\/div><div id=\"pms-stripe-payment-elements\" style=\"display:none\"><\/div><\/ul><ul id=\"pms-paypal-connect\" class=\"pms-field-section pms-paygate-extra-fields pms-paygate-extra-fields-paypal_connect\"><div id=\"pms-paygate-extra-fields-paypal_connect__placeholder\">Before you can accept payments, you need to connect your PayPal account by going to Dashboard -> Paid Member Subscriptions -> Settings -> Payments -> <a href=\"https:\/\/letscureacc.com\/wp-admin\/admin.php?page=pms-settings-page&#038;tab=payments&#038;nav_sub_tab=payments_gateways\">Gateways<\/a>.<\/div><\/ul><\/div><input type=\"hidden\" id=\"pms-process-checkout-nonce\" name=\"pms_process_checkout_nonce\" value=\"497071bccc\"\/><input type=\"hidden\" id=\"stripe-pk\" value=\"pk_live_51RqrySC5EkX6O9JyXLhGMtcNtIUdyCiiXr5xFKWjJF1TLL3aKUMIU0kJsnh3DojxRi8PNzglsKVvjq584arj2nYx00bAjB7Ecx\" \/><input type=\"hidden\" name=\"pms_stripe_connect_payment_intent\" value=\"\"\/><input type=\"hidden\" name=\"pms_stripe_connect_setup_intent\" value=\"\"\/><input type=\"hidden\" id=\"pms-stripe-ajax-update-payment-intent-nonce\" name=\"stripe_ajax_update_payment_intent_nonce\" value=\"4d9cb85059\"\/><\/ul><span id=\"pms-submit-button-loading-placeholder-text\" style=\"display: none;\">Processing. Please wait...<\/span><\/ul><ul><input id=\"send_credentials_via_email\" type=\"hidden\" name=\"send_credentials_via_email\" value=\"sending\"\/><\/ul><\/ul>\t\t\t<p class=\"form-submit\"  >\n\t\t\t\t                \t\t\t\t<input name=\"register\" type=\"submit\" id=\"register\" class=\"submit button\" value=\"Registre-se\" \/>\n                <input name=\"redirect_to\" type=\"hidden\" value=\"\" \/>\n                \t\t\t\t<input name=\"action\" type=\"hidden\" id=\"action\" value=\"register\" \/>\n\t\t\t\t<input name=\"form_name\" type=\"hidden\" id=\"form_name\" value=\"unspecified\" \/>\n\t\t\t\t<input name=\"form_id\" type=\"hidden\" id=\"form_id\" value=\"\" \/>\n\t\t\t\t\t\t\t<\/p><!-- .form-submit -->\n\t\t\t<input type=\"hidden\" id=\"register_unspecified_nonce_field\" name=\"register_unspecified_nonce_field\" value=\"44df336998\" \/><input type=\"hidden\" name=\"_wp_http_referer\" value=\"\/pt-pt\/wp-json\/wp\/v2\/pages\/7437\" \/>\t\t<\/form>\n\t\t<\/div>\n\t\t\t\t\t\t<\/div>\n\t\t\t\t<\/div>\n\t\t\t\t\t<\/div>\n\t\t<\/div>\n\t\t\t\t\t<\/div>\n\t\t<\/section>\n\t\t\t\t<\/div>\n\t\t","protected":false},"excerpt":{"rendered":"<p>SOMOS UMA ASSOCIA\u00c7\u00c3O E PRECISAMOS DE MEMBROS! Estamos cientes dos altos custos que esta doen\u00e7a acarreta, e \u00e9 por isso que mantemos nossa contribui\u00e7\u00e3o de associa\u00e7\u00e3o simb\u00f3lica. Sugerimos e apreciamos profundamente uma doa\u00e7\u00e3o de $20, mas voc\u00ea \u00e9 livre para doar o valor que achar&#8230;<\/p>\n","protected":false},"author":416,"featured_media":0,"parent":0,"menu_order":0,"comment_status":"closed","ping_status":"closed","template":"","meta":{"give_campaign_id":0,"inline_featured_image":false,"footnotes":""},"class_list":["post-7437","page","type-page","status-publish","hentry"],"campaignId":"","_links":{"self":[{"href":"https:\/\/letscureacc.com\/pt-pt\/wp-json\/wp\/v2\/pages\/7437","targetHints":{"allow":["GET"]}}],"collection":[{"href":"https:\/\/letscureacc.com\/pt-pt\/wp-json\/wp\/v2\/pages"}],"about":[{"href":"https:\/\/letscureacc.com\/pt-pt\/wp-json\/wp\/v2\/types\/page"}],"author":[{"embeddable":true,"href":"https:\/\/letscureacc.com\/pt-pt\/wp-json\/wp\/v2\/users\/416"}],"replies":[{"embeddable":true,"href":"https:\/\/letscureacc.com\/pt-pt\/wp-json\/wp\/v2\/comments?post=7437"}],"version-history":[{"count":0,"href":"https:\/\/letscureacc.com\/pt-pt\/wp-json\/wp\/v2\/pages\/7437\/revisions"}],"wp:attachment":[{"href":"https:\/\/letscureacc.com\/pt-pt\/wp-json\/wp\/v2\/media?parent=7437"}],"curies":[{"name":"wp","href":"https:\/\/api.w.org\/{rel}","templated":true}]}}