{"id":9966,"date":"2025-11-18T18:17:51","date_gmt":"2025-11-18T17:17:51","guid":{"rendered":"https:\/\/letscureacc.com\/pesquisa\/"},"modified":"2025-11-19T14:37:46","modified_gmt":"2025-11-19T13:37:46","slug":"pesquisa","status":"publish","type":"page","link":"https:\/\/letscureacc.com\/pt-pt\/pesquisa\/","title":{"rendered":"PESQUISA"},"content":{"rendered":"\t\t<div data-elementor-type=\"wp-page\" data-elementor-id=\"9966\" class=\"elementor elementor-9966 elementor-9947\">\n\t\t\t\t\t\t<section class=\"elementor-section elementor-top-section elementor-element elementor-element-93f2e7e elementor-section-boxed elementor-section-height-default elementor-section-height-default parallax_section_no qode_elementor_container_no\" data-id=\"93f2e7e\" data-element_type=\"section\" data-e-type=\"section\">\n\t\t\t\t\t\t<div class=\"elementor-container elementor-column-gap-default\">\n\t\t\t\t\t<div class=\"elementor-column elementor-col-100 elementor-top-column elementor-element elementor-element-150b1fe\" data-id=\"150b1fe\" data-element_type=\"column\" data-e-type=\"column\">\n\t\t\t<div class=\"elementor-widget-wrap elementor-element-populated\">\n\t\t\t\t\t\t<div class=\"elementor-element elementor-element-7fbcca5 elementor-widget elementor-widget-text-editor\" data-id=\"7fbcca5\" data-element_type=\"widget\" data-e-type=\"widget\" data-widget_type=\"text-editor.default\">\n\t\t\t\t<div class=\"elementor-widget-container\">\n\t\t\t\t\t\t\t\t\t<h2 style=\"text-align: center;\"><strong>Por que a pesquisa sobre o ACC \u00e9 importante para os pacientes<\/strong><\/h2>\t\t\t\t\t\t\t\t<\/div>\n\t\t\t\t<\/div>\n\t\t\t\t\t<\/div>\n\t\t<\/div>\n\t\t\t\t\t<\/div>\n\t\t<\/section>\n\t\t\t\t<section class=\"elementor-section elementor-top-section elementor-element elementor-element-9f23499 elementor-section-boxed elementor-section-height-default elementor-section-height-default parallax_section_no qode_elementor_container_no\" data-id=\"9f23499\" data-element_type=\"section\" data-e-type=\"section\">\n\t\t\t\t\t\t<div class=\"elementor-container elementor-column-gap-default\">\n\t\t\t\t\t<div class=\"elementor-column elementor-col-100 elementor-top-column elementor-element elementor-element-6f2bdb3\" data-id=\"6f2bdb3\" data-element_type=\"column\" data-e-type=\"column\">\n\t\t\t<div class=\"elementor-widget-wrap\">\n\t\t\t\t\t\t\t<\/div>\n\t\t<\/div>\n\t\t\t\t\t<\/div>\n\t\t<\/section>\n\t\t\t\t<section class=\"elementor-section elementor-top-section elementor-element elementor-element-2f84ef40 elementor-section-full_width elementor-section-height-default elementor-section-height-default parallax_section_no qode_elementor_container_no\" data-id=\"2f84ef40\" data-element_type=\"section\" data-e-type=\"section\" data-settings=\"{&quot;background_background&quot;:&quot;classic&quot;}\">\n\t\t\t\t\t\t<div class=\"elementor-container elementor-column-gap-default\">\n\t\t\t\t\t<div class=\"elementor-column elementor-col-100 elementor-top-column elementor-element elementor-element-55596fa4\" data-id=\"55596fa4\" data-element_type=\"column\" data-e-type=\"column\">\n\t\t\t<div class=\"elementor-widget-wrap elementor-element-populated\">\n\t\t\t\t\t\t<div class=\"elementor-element elementor-element-7fbea2d elementor-widget elementor-widget-text-editor\" data-id=\"7fbea2d\" data-element_type=\"widget\" data-e-type=\"widget\" data-widget_type=\"text-editor.default\">\n\t\t\t\t<div class=\"elementor-widget-container\">\n\t\t\t\t\t\t\t\t\t<p><span style=\"font-weight: 400;\">Sem pesquisa, n\u00e3o h\u00e1 progresso. Como o <a href=\"https:\/\/letscureacc.com\/glossaryindex\/cancer-de-las-glandulas-suprarrenales-o-carcinoma-suprarrenal\/?lang=es\">carcinoma adrenocortical (ACC)<\/a> \u00e9 um tipo de c\u00e2ncer muito raro, cada informa\u00e7\u00e3o conta. Em compara\u00e7\u00e3o com outros tipos de c\u00e2ncer mais comuns, ainda sabemos relativamente pouco sobre como o ACC se desenvolve ou por que ele se comporta de maneira diferente de uma pessoa para outra. <\/span><\/p><p><span style=\"font-weight: 400;\">Cada avan\u00e7o na compreens\u00e3o e no tratamento do ACC come\u00e7a com a pesquisa. Cada estudo, cada dado e cada experi\u00eancia compartilhada ajudam m\u00e9dicos e cientistas de todo o mundo a melhorar o diagn\u00f3stico, o tratamento e os resultados a longo prazo. Com cada ensaio cl\u00ednico &#8211; e com cada paciente que participa &#8211; chegamos mais perto do nosso objetivo: tornar o ACC uma doen\u00e7a cur\u00e1vel. <\/span><\/p><p><span style=\"font-weight: 400;\">Com a pesquisa cont\u00ednua, podemos:<\/span><\/p><ul><li style=\"font-weight: 400;\" aria-level=\"1\"><span style=\"font-weight: 400;\">compreender como o ACC cresce e se espalha<\/span><\/li><li style=\"font-weight: 400;\" aria-level=\"1\"><span style=\"font-weight: 400;\">desenvolver tratamentos mais eficazes e personalizados<\/span><\/li><li style=\"font-weight: 400;\" aria-level=\"1\"><span style=\"font-weight: 400;\">reduzir os efeitos colaterais e melhorar a qualidade de vida<\/span><\/li><li style=\"font-weight: 400;\" aria-level=\"1\"><span style=\"font-weight: 400;\">aumentar a sobreviv\u00eancia a longo prazo e as chances de cura<\/span><\/li><\/ul>\t\t\t\t\t\t\t\t<\/div>\n\t\t\t\t<\/div>\n\t\t\t\t\t<\/div>\n\t\t<\/div>\n\t\t\t\t\t<\/div>\n\t\t<\/section>\n\t\t\t\t<section class=\"elementor-section elementor-top-section elementor-element elementor-element-7f7fd72 elementor-section-boxed elementor-section-height-default elementor-section-height-default parallax_section_no qode_elementor_container_no\" data-id=\"7f7fd72\" data-element_type=\"section\" data-e-type=\"section\">\n\t\t\t\t\t\t<div class=\"elementor-container elementor-column-gap-default\">\n\t\t\t\t\t<div class=\"elementor-column elementor-col-100 elementor-top-column elementor-element elementor-element-084148f\" data-id=\"084148f\" data-element_type=\"column\" data-e-type=\"column\">\n\t\t\t<div class=\"elementor-widget-wrap elementor-element-populated\">\n\t\t\t\t\t\t<div class=\"elementor-element elementor-element-86c90b1 elementor-widget elementor-widget-heading\" data-id=\"86c90b1\" data-element_type=\"widget\" data-e-type=\"widget\" data-widget_type=\"heading.default\">\n\t\t\t\t<div class=\"elementor-widget-container\">\n\t\t\t\t\t<h2 class=\"elementor-heading-title elementor-size-default\">Como voc\u00ea pode fazer a diferen\u00e7a<\/h2>\t\t\t\t<\/div>\n\t\t\t\t<\/div>\n\t\t\t\t\t<\/div>\n\t\t<\/div>\n\t\t\t\t\t<\/div>\n\t\t<\/section>\n\t\t\t\t<section class=\"elementor-section elementor-top-section elementor-element elementor-element-bc3ab50 elementor-section-boxed elementor-section-height-default elementor-section-height-default parallax_section_no qode_elementor_container_no\" data-id=\"bc3ab50\" data-element_type=\"section\" data-e-type=\"section\">\n\t\t\t\t\t\t<div class=\"elementor-container elementor-column-gap-default\">\n\t\t\t\t\t<div class=\"elementor-column elementor-col-100 elementor-top-column elementor-element elementor-element-d8cbbb9\" data-id=\"d8cbbb9\" data-element_type=\"column\" data-e-type=\"column\">\n\t\t\t<div class=\"elementor-widget-wrap elementor-element-populated\">\n\t\t\t\t\t\t<div class=\"elementor-element elementor-element-52d9ce6 elementor-widget elementor-widget-text-editor\" data-id=\"52d9ce6\" data-element_type=\"widget\" data-e-type=\"widget\" data-widget_type=\"text-editor.default\">\n\t\t\t\t<div class=\"elementor-widget-container\">\n\t\t\t\t\t\t\t\t\t<p><span style=\"font-weight: 400;\">Voc\u00ea pode apoiar a pesquisa de v\u00e1rias maneiras simples, mas poderosas. Uma das mais importantes \u00e9 participar de um  <\/span><b>registro<\/b><span style=\"font-weight: 400;\">. <\/span><br>Os registros coletam informa\u00e7\u00f5es m\u00e9dicas anonimizadas &#8211; como resultados de exames, imagens e resultados de tratamentos &#8211; de pessoas diagnosticadas com ACC. Isso ajuda os pesquisadores a identificar padr\u00f5es, aprimorar o diagn\u00f3stico e desenvolver terapias mais eficazes.<br>Voc\u00ea tamb\u00e9m pode contribuir autorizando o uso dos seus dados m\u00e9dicos anonimizados e de eventuais amostras de tecido diagn\u00f3stico restantes em estudos cient\u00edficos. Isso n\u00e3o exige exames adicionais nem visitas hospitalares, e n\u00e3o afeta de forma alguma o seu tratamento. Ao compartilhar seus dados por meio de registros ou projetos de pesquisa, voc\u00ea ajuda m\u00e9dicos e cientistas de todo o mundo a compreender melhor o ACC &#8211; e oferece esperan\u00e7a para futuros pacientes.<\/p><p><span style=\"font-weight: 400;\">Em alguns pa\u00edses, j\u00e1 existe um registro nacional de ACC; em outros, essa estrutura ainda est\u00e1 em desenvolvimento. Mesmo que o seu pa\u00eds n\u00e3o possua um registro nacional, a participa\u00e7\u00e3o geralmente \u00e9 poss\u00edvel por meio de um registro internacional ou de um centro especializado em ACC.<br>Os principais centros de refer\u00eancia em ACC est\u00e3o familiarizados com as iniciativas de pesquisa em andamento e podem orient\u00e1-lo sobre como participar ou compartilhar seus dados. \u00c9 melhor conversar sobre isso com seu m\u00e9dico ou especialista em ACC logo no in\u00edcio, para conhecer as op\u00e7\u00f5es dispon\u00edveis.   <\/span><\/p><p><span style=\"font-weight: 400;\">Ap\u00f3s o seu consentimento, os dados anonimizados geralmente s\u00e3o inseridos no registro nacional (se existir) e podem ser compartilhados &#8211; de forma anonimizada &#8211; com um dos dois principais registros internacionais:<\/span><\/p><ul><li style=\"font-weight: 400;\" aria-level=\"1\"><span style=\"font-weight: 400;\">A maioria dos pa\u00edses europeus contribui para o Registro ENS@T<\/span><\/li><li style=\"font-weight: 400;\" aria-level=\"1\"><span style=\"font-weight: 400;\">Muitos centros na Am\u00e9rica, \u00c1sia e Austr\u00e1lia fazem parte do Registro A5<\/span><\/li><\/ul><p><span style=\"font-weight: 400;\">Para mais informa\u00e7\u00f5es, veja abaixo.<\/span><\/p><p> <\/p>\t\t\t\t\t\t\t\t<\/div>\n\t\t\t\t<\/div>\n\t\t\t\t\t<\/div>\n\t\t<\/div>\n\t\t\t\t\t<\/div>\n\t\t<\/section>\n\t\t\t\t<section class=\"elementor-section elementor-top-section elementor-element elementor-element-e376d21 elementor-section-boxed elementor-section-height-default elementor-section-height-default parallax_section_no qode_elementor_container_no\" data-id=\"e376d21\" data-element_type=\"section\" data-e-type=\"section\">\n\t\t\t\t\t\t<div class=\"elementor-container elementor-column-gap-default\">\n\t\t\t\t\t<div class=\"elementor-column elementor-col-100 elementor-top-column elementor-element elementor-element-1798503\" data-id=\"1798503\" data-element_type=\"column\" data-e-type=\"column\">\n\t\t\t<div class=\"elementor-widget-wrap elementor-element-populated\">\n\t\t\t\t\t\t<div class=\"elementor-element elementor-element-6a00ec0 elementor-widget elementor-widget-heading\" data-id=\"6a00ec0\" data-element_type=\"widget\" data-e-type=\"widget\" data-widget_type=\"heading.default\">\n\t\t\t\t<div class=\"elementor-widget-container\">\n\t\t\t\t\t<h2 class=\"elementor-heading-title elementor-size-default\">Ensaios cl\u00ednicos: acesso a novas op\u00e7\u00f5es de tratamento\n<\/h2>\t\t\t\t<\/div>\n\t\t\t\t<\/div>\n\t\t\t\t\t<\/div>\n\t\t<\/div>\n\t\t\t\t\t<\/div>\n\t\t<\/section>\n\t\t\t\t<section class=\"elementor-section elementor-top-section elementor-element elementor-element-f1669b7 elementor-section-boxed elementor-section-height-default elementor-section-height-default parallax_section_no qode_elementor_container_no\" data-id=\"f1669b7\" data-element_type=\"section\" data-e-type=\"section\">\n\t\t\t\t\t\t<div class=\"elementor-container elementor-column-gap-default\">\n\t\t\t\t\t<div class=\"elementor-column elementor-col-100 elementor-top-column elementor-element elementor-element-3decf31\" data-id=\"3decf31\" data-element_type=\"column\" data-e-type=\"column\">\n\t\t\t<div class=\"elementor-widget-wrap elementor-element-populated\">\n\t\t\t\t\t\t<div class=\"elementor-element elementor-element-cf06700 elementor-widget elementor-widget-text-editor\" data-id=\"cf06700\" data-element_type=\"widget\" data-e-type=\"widget\" data-widget_type=\"text-editor.default\">\n\t\t\t\t<div class=\"elementor-widget-container\">\n\t\t\t\t\t\t\t\t\t<p><span style=\"font-weight: 400;\">Se voc\u00ea vive com ACC, pode ser convidado a participar de um ensaio cl\u00ednico.<\/span><br>Os ensaios cl\u00ednicos testam novas terapias promissoras sob rigorosa supervis\u00e3o m\u00e9dica. A participa\u00e7\u00e3o \u00e9 sempre volunt\u00e1ria, e voc\u00ea receber\u00e1 informa\u00e7\u00f5es detalhadas sobre os poss\u00edveis benef\u00edcios, riscos e alternativas.<br>Esses estudos abrem caminho para a pr\u00f3xima gera\u00e7\u00e3o de tratamentos para o ACC &#8211; e cada participante ajuda a fazer a \u00e1rea avan\u00e7ar.<br>Nos sites abaixo, voc\u00ea pode encontrar ensaios cl\u00ednicos planejados, em andamento e conclu\u00eddos sobre ACC, pelo menos na Europa e nos Estados Unidos. Pergunte ao seu m\u00e9dico se existe um estudo dispon\u00edvel para voc\u00ea.<\/p><ul><li style=\"font-weight: 400;\" aria-level=\"1\"><span style=\"font-weight: 400;\"><a href=\"https:\/\/www.clinicaltrialsregister.eu\/ctr-search\/search\">Registro Europeu de Ensaios Cl\u00ednicos<\/a><\/span><span style=\"font-weight: 400;\"> <\/span><\/li><li style=\"font-weight: 400;\" aria-level=\"1\"><span style=\"font-weight: 400;\"><a href=\"https:\/\/clinicaltrials.gov\">Registro dos EUA (NIH Clinical Trials)<\/a> <\/span><\/li><\/ul><p> <\/p>\t\t\t\t\t\t\t\t<\/div>\n\t\t\t\t<\/div>\n\t\t\t\t\t<\/div>\n\t\t<\/div>\n\t\t\t\t\t<\/div>\n\t\t<\/section>\n\t\t\t\t<section class=\"elementor-section elementor-top-section elementor-element elementor-element-da65bba elementor-section-boxed elementor-section-height-default elementor-section-height-default parallax_section_no qode_elementor_container_no\" data-id=\"da65bba\" data-element_type=\"section\" data-e-type=\"section\">\n\t\t\t\t\t\t<div class=\"elementor-container elementor-column-gap-default\">\n\t\t\t\t\t<div class=\"elementor-column elementor-col-100 elementor-top-column elementor-element elementor-element-c789827\" data-id=\"c789827\" data-element_type=\"column\" data-e-type=\"column\">\n\t\t\t<div class=\"elementor-widget-wrap elementor-element-populated\">\n\t\t\t\t\t\t<div class=\"elementor-element elementor-element-fcac1fc elementor-widget elementor-widget-heading\" data-id=\"fcac1fc\" data-element_type=\"widget\" data-e-type=\"widget\" data-widget_type=\"heading.default\">\n\t\t\t\t<div class=\"elementor-widget-container\">\n\t\t\t\t\t<h2 class=\"elementor-heading-title elementor-size-default\">Medicina personalizada: um tratamento feito sob medida para voc\u00ea\n<\/h2>\t\t\t\t<\/div>\n\t\t\t\t<\/div>\n\t\t\t\t\t<\/div>\n\t\t<\/div>\n\t\t\t\t\t<\/div>\n\t\t<\/section>\n\t\t\t\t<section class=\"elementor-section elementor-top-section elementor-element elementor-element-c691034 elementor-section-boxed elementor-section-height-default elementor-section-height-default parallax_section_no qode_elementor_container_no\" data-id=\"c691034\" data-element_type=\"section\" data-e-type=\"section\">\n\t\t\t\t\t\t<div class=\"elementor-container elementor-column-gap-default\">\n\t\t\t\t\t<div class=\"elementor-column elementor-col-100 elementor-top-column elementor-element elementor-element-cb73338\" data-id=\"cb73338\" data-element_type=\"column\" data-e-type=\"column\">\n\t\t\t<div class=\"elementor-widget-wrap elementor-element-populated\">\n\t\t\t\t\t\t<div class=\"elementor-element elementor-element-d1efb44 elementor-widget elementor-widget-text-editor\" data-id=\"d1efb44\" data-element_type=\"widget\" data-e-type=\"widget\" data-widget_type=\"text-editor.default\">\n\t\t\t\t<div class=\"elementor-widget-container\">\n\t\t\t\t\t\t\t\t\t<p><span style=\"font-weight: 400;\">A pesquisa moderna foca em an\u00e1lises moleculares e gen\u00e9ticas. Esses estudos mostram que cada tumor de ACC \u00e9 \u00fanico &#8211; e que o tratamento pode ser melhor adaptado quando conhecemos suas caracter\u00edsticas espec\u00edficas.<br>Para os pacientes, \u00e9 por isso que os testes gen\u00e9ticos podem ser importantes. Ao analisar tanto o perfil gen\u00e9tico do tumor quanto, em alguns casos, os genes do pr\u00f3prio paciente, os m\u00e9dicos podem identificar se certas muta\u00e7\u00f5es causaram o c\u00e2ncer ou podem influenciar as escolhas de tratamento. Em algumas fam\u00edlias, esses resultados tamb\u00e9m ajudam a detectar s\u00edndromes heredit\u00e1rias (como a s\u00edndrome de Li-Fraumeni) que exigem acompanhamento mais cuidadoso.<br>Essa \u00e9 a base da medicina personalizada &#8211; em que a terapia \u00e9 projetada em torno de voc\u00ea, e n\u00e3o apenas do seu diagn\u00f3stico. Ela pode n\u00e3o estar dispon\u00edvel em todos os lugares, mas n\u00e3o hesite em perguntar se pode ser uma op\u00e7\u00e3o para voc\u00ea.      <\/span><\/p>\t\t\t\t\t\t\t\t<\/div>\n\t\t\t\t<\/div>\n\t\t\t\t\t<\/div>\n\t\t<\/div>\n\t\t\t\t\t<\/div>\n\t\t<\/section>\n\t\t\t\t<section class=\"elementor-section elementor-top-section elementor-element elementor-element-df369f7 elementor-section-full_width elementor-section-height-default elementor-section-height-default parallax_section_no qode_elementor_container_no\" data-id=\"df369f7\" data-element_type=\"section\" data-e-type=\"section\" data-settings=\"{&quot;background_background&quot;:&quot;classic&quot;}\">\n\t\t\t\t\t\t<div class=\"elementor-container elementor-column-gap-default\">\n\t\t\t\t\t<div class=\"elementor-column elementor-col-100 elementor-top-column elementor-element elementor-element-29342f2\" data-id=\"29342f2\" data-element_type=\"column\" data-e-type=\"column\">\n\t\t\t<div class=\"elementor-widget-wrap elementor-element-populated\">\n\t\t\t\t\t\t<div class=\"elementor-element elementor-element-8407f1b elementor-widget elementor-widget-heading\" data-id=\"8407f1b\" data-element_type=\"widget\" data-e-type=\"widget\" data-widget_type=\"heading.default\">\n\t\t\t\t<div class=\"elementor-widget-container\">\n\t\t\t\t\t<h2 class=\"elementor-heading-title elementor-size-default\">Trabalhando juntos al\u00e9m das fronteiras\n<\/h2>\t\t\t\t<\/div>\n\t\t\t\t<\/div>\n\t\t\t\t\t<\/div>\n\t\t<\/div>\n\t\t\t\t\t<\/div>\n\t\t<\/section>\n\t\t\t\t<section class=\"elementor-section elementor-top-section elementor-element elementor-element-e1c37f8 elementor-section-boxed elementor-section-height-default elementor-section-height-default parallax_section_no qode_elementor_container_no\" data-id=\"e1c37f8\" data-element_type=\"section\" data-e-type=\"section\">\n\t\t\t\t\t\t<div class=\"elementor-container elementor-column-gap-default\">\n\t\t\t\t\t<div class=\"elementor-column elementor-col-100 elementor-top-column elementor-element elementor-element-2ce492c\" data-id=\"2ce492c\" data-element_type=\"column\" data-e-type=\"column\">\n\t\t\t<div class=\"elementor-widget-wrap elementor-element-populated\">\n\t\t\t\t\t\t<div class=\"elementor-element elementor-element-4f5bff0 elementor-widget elementor-widget-text-editor\" data-id=\"4f5bff0\" data-element_type=\"widget\" data-e-type=\"widget\" data-widget_type=\"text-editor.default\">\n\t\t\t\t<div class=\"elementor-widget-container\">\n\t\t\t\t\t\t\t\t\t<p>Como o ACC \u00e9 raro, nenhum pa\u00eds ou hospital consegue reunir dados suficientes sozinho.<br>Por isso, a colabora\u00e7\u00e3o internacional \u00e9 essencial. Duas grandes redes internacionais trabalham em estreita parceria em estudos e ensaios cl\u00ednicos:<\/p><ul><li style=\"font-weight: 400;\" aria-level=\"1\"><span style=\"font-weight: 400;\">A Rede Europeia para o Estudo dos Tumores Adrenais (ENS@T) conecta pesquisadores e m\u00e9dicos de todo o mundo para compartilhar conhecimento e acelerar descobertas &#8211; para que novos avan\u00e7os cheguem mais rapidamente aos pacientes. Mais informa\u00e7\u00f5es em<br>ENS@T (<\/span><a href=\"https:\/\/ensat.wildapricot.org\"><span style=\"font-weight: 400;\"><strong>https:\/\/ensat.wildapricot.org<\/strong><\/span><\/a><span style=\"font-weight: 400;\">) ou pelo <a href=\"mailto:%20ensatweb@gmail.com\">email<\/a><\/span><span style=\"font-weight: 400;\">. <\/span> <\/li><li style=\"font-weight: 400;\" aria-level=\"1\"><span style=\"font-weight: 400;\"> A Alian\u00e7a Adrenal Americana-Australiana-Asi\u00e1tica (A5) \u00e9 uma rede internacional em expans\u00e3o, composta por mais de 50 institui\u00e7\u00f5es acad\u00eamicas e m\u00e9dicas de destaque, unidas por uma miss\u00e3o comum: promover o avan\u00e7o da pesquisa sobre doen\u00e7as adrenais. Mais informa\u00e7\u00f5es em A5 (<\/span><a href=\"https:\/\/a5adrenal.org\"><span style=\"font-weight: 400;\"><strong>https:\/\/a5adrenal.org<\/strong><\/span><\/a><span style=\"font-weight: 400;\">) ou pelo <a href=\"mailto:%20secretary@a5adrenal.org\">email.<\/a><\/span><\/li><\/ul><p>Existem tamb\u00e9m duas grandes redes que colaboram no ACC pedi\u00e1trico. Elas coletam e compartilham dados para compreender melhor a doen\u00e7a e buscar uma cura. Para mais informa\u00e7\u00f5es, clique <span style=\"font-weight: 400;\"><strong><a href=\"https:\/\/letscureacc.com\/tumor-adrenocortical-em-criancas-e-adolescentes\/?lang=pt-pt\">aqui<\/a><\/strong>.<\/span><\/p>\t\t\t\t\t\t\t\t<\/div>\n\t\t\t\t<\/div>\n\t\t\t\t\t<\/div>\n\t\t<\/div>\n\t\t\t\t\t<\/div>\n\t\t<\/section>\n\t\t\t\t<\/div>\n\t\t","protected":false},"excerpt":{"rendered":"<p>Por que a pesquisa sobre o ACC \u00e9 importante para os pacientes Sem pesquisa, n\u00e3o h\u00e1 progresso. Como o carcinoma adrenocortical (ACC) \u00e9 um tipo de c\u00e2ncer muito raro, cada informa\u00e7\u00e3o conta. Em compara\u00e7\u00e3o com outros tipos de c\u00e2ncer mais comuns, ainda sabemos relativamente pouco&#8230;<\/p>\n","protected":false},"author":416,"featured_media":0,"parent":0,"menu_order":0,"comment_status":"closed","ping_status":"closed","template":"full_width.php","meta":{"give_campaign_id":0,"inline_featured_image":false,"footnotes":""},"class_list":["post-9966","page","type-page","status-publish","hentry"],"campaignId":"","_links":{"self":[{"href":"https:\/\/letscureacc.com\/pt-pt\/wp-json\/wp\/v2\/pages\/9966","targetHints":{"allow":["GET"]}}],"collection":[{"href":"https:\/\/letscureacc.com\/pt-pt\/wp-json\/wp\/v2\/pages"}],"about":[{"href":"https:\/\/letscureacc.com\/pt-pt\/wp-json\/wp\/v2\/types\/page"}],"author":[{"embeddable":true,"href":"https:\/\/letscureacc.com\/pt-pt\/wp-json\/wp\/v2\/users\/416"}],"replies":[{"embeddable":true,"href":"https:\/\/letscureacc.com\/pt-pt\/wp-json\/wp\/v2\/comments?post=9966"}],"version-history":[{"count":0,"href":"https:\/\/letscureacc.com\/pt-pt\/wp-json\/wp\/v2\/pages\/9966\/revisions"}],"wp:attachment":[{"href":"https:\/\/letscureacc.com\/pt-pt\/wp-json\/wp\/v2\/media?parent=9966"}],"curies":[{"name":"wp","href":"https:\/\/api.w.org\/{rel}","templated":true}]}}