{"id":9744,"date":"2025-07-14T15:48:32","date_gmt":"2025-07-14T13:48:32","guid":{"rendered":"https:\/\/letscureacc.com\/upozornenie\/"},"modified":"2025-07-14T15:48:32","modified_gmt":"2025-07-14T13:48:32","slug":"upozornenie","status":"publish","type":"page","link":"https:\/\/letscureacc.com\/sk\/upozornenie\/","title":{"rendered":"Upozornenie"},"content":{"rendered":"\t\t<div data-elementor-type=\"wp-page\" data-elementor-id=\"9744\" class=\"elementor elementor-9744 elementor-2255\">\n\t\t\t\t\t\t<section class=\"elementor-section elementor-top-section elementor-element elementor-element-7b36cf9 elementor-section-boxed elementor-section-height-default elementor-section-height-default parallax_section_no qode_elementor_container_no\" data-id=\"7b36cf9\" data-element_type=\"section\" data-e-type=\"section\">\n\t\t\t\t\t\t<div class=\"elementor-container elementor-column-gap-default\">\n\t\t\t\t\t<div class=\"elementor-column elementor-col-100 elementor-top-column elementor-element elementor-element-9492b56\" data-id=\"9492b56\" data-element_type=\"column\" data-e-type=\"column\">\n\t\t\t<div class=\"elementor-widget-wrap elementor-element-populated\">\n\t\t\t\t\t\t<section class=\"elementor-section elementor-inner-section elementor-element elementor-element-ab0ade8 elementor-section-boxed elementor-section-height-default elementor-section-height-default parallax_section_no qode_elementor_container_no\" data-id=\"ab0ade8\" data-element_type=\"section\" data-e-type=\"section\">\n\t\t\t\t\t\t<div class=\"elementor-container elementor-column-gap-default\">\n\t\t\t\t\t<div class=\"elementor-column elementor-col-100 elementor-inner-column elementor-element elementor-element-943c94a\" data-id=\"943c94a\" data-element_type=\"column\" data-e-type=\"column\">\n\t\t\t<div class=\"elementor-widget-wrap elementor-element-populated\">\n\t\t\t\t\t\t<div class=\"elementor-element elementor-element-a3f6b8b elementor-widget elementor-widget-text-editor\" data-id=\"a3f6b8b\" data-element_type=\"widget\" data-e-type=\"widget\" data-widget_type=\"text-editor.default\">\n\t\t\t\t<div class=\"elementor-widget-container\">\n\t\t\t\t\t\t\t\t\t<p><span style=\"font-weight: 400;\">Let\u2019s Cure ACC neposkytuje lek\u00e1rsku starostlivos\u0165, nie je zdravotn\u00edckou autoritou a netvrd\u00ed, \u017ee m\u00e1 odborn\u00e9 lek\u00e1rske poznatky. Obsah Let\u2019s Cure ACC nesl\u00fa\u017ei na diagnostiku, lie\u010dbu ani ako n\u00e1hrada za odborn\u00fa lek\u00e1rsku radu. V pr\u00edpade ak\u00fdchko\u013evek ot\u00e1zok t\u00fdkaj\u00facich sa zdravia, lie\u010dby alebo liekov sa v\u017edy pora\u010fte so svoj\u00edm lek\u00e1rom alebo in\u00fdm kvalifikovan\u00fdm zdravotn\u00edckym pracovn\u00edkom.<\/span><\/p>\n<p><span style=\"font-weight: 400;\">Let\u2019s Cure ACC nenesie zodpovednos\u0165 za obsah in\u00fdch publik\u00e1ci\u00ed alebo webov\u00fdch str\u00e1nok, na ktor\u00e9 odkazuje n\u00e1\u0161 web.<\/span><\/p>\n\t\t\t\t\t\t\t\t<\/div>\n\t\t\t\t<\/div>\n\t\t\t\t\t<\/div>\n\t\t<\/div>\n\t\t\t\t\t<\/div>\n\t\t<\/section>\n\t\t\t\t\t<\/div>\n\t\t<\/div>\n\t\t\t\t\t<\/div>\n\t\t<\/section>\n\t\t\t\t<\/div>\n\t\t","protected":false},"excerpt":{"rendered":"<p>Let\u2019s Cure ACC neposkytuje lek\u00e1rsku starostlivos\u0165, nie je zdravotn\u00edckou autoritou a netvrd\u00ed, \u017ee m\u00e1 odborn\u00e9 lek\u00e1rske poznatky. Obsah Let\u2019s Cure ACC nesl\u00fa\u017ei na diagnostiku, lie\u010dbu ani ako n\u00e1hrada za odborn\u00fa lek\u00e1rsku radu. V pr\u00edpade ak\u00fdchko\u013evek ot\u00e1zok t\u00fdkaj\u00facich sa zdravia, lie\u010dby alebo liekov sa v\u017edy pora\u010fte&#8230;<\/p>\n","protected":false},"author":416,"featured_media":0,"parent":0,"menu_order":0,"comment_status":"closed","ping_status":"closed","template":"","meta":{"give_campaign_id":0,"inline_featured_image":false,"footnotes":""},"class_list":["post-9744","page","type-page","status-publish","hentry"],"campaignId":"","_links":{"self":[{"href":"https:\/\/letscureacc.com\/sk\/wp-json\/wp\/v2\/pages\/9744","targetHints":{"allow":["GET"]}}],"collection":[{"href":"https:\/\/letscureacc.com\/sk\/wp-json\/wp\/v2\/pages"}],"about":[{"href":"https:\/\/letscureacc.com\/sk\/wp-json\/wp\/v2\/types\/page"}],"author":[{"embeddable":true,"href":"https:\/\/letscureacc.com\/sk\/wp-json\/wp\/v2\/users\/416"}],"replies":[{"embeddable":true,"href":"https:\/\/letscureacc.com\/sk\/wp-json\/wp\/v2\/comments?post=9744"}],"version-history":[{"count":0,"href":"https:\/\/letscureacc.com\/sk\/wp-json\/wp\/v2\/pages\/9744\/revisions"}],"wp:attachment":[{"href":"https:\/\/letscureacc.com\/sk\/wp-json\/wp\/v2\/media?parent=9744"}],"curies":[{"name":"wp","href":"https:\/\/api.w.org\/{rel}","templated":true}]}}