{"id":9758,"date":"2025-07-16T17:17:51","date_gmt":"2025-07-16T15:17:51","guid":{"rendered":"https:\/\/letscureacc.com\/pridajte-sa-teraz\/"},"modified":"2025-07-16T17:17:51","modified_gmt":"2025-07-16T15:17:51","slug":"pridajte-sa-teraz","status":"publish","type":"page","link":"https:\/\/letscureacc.com\/sk\/pridajte-sa-teraz\/","title":{"rendered":"Pridajte sa teraz"},"content":{"rendered":"\t\t<div data-elementor-type=\"wp-page\" data-elementor-id=\"9758\" class=\"elementor elementor-9758 elementor-512\">\n\t\t\t\t\t\t<section class=\"elementor-section elementor-top-section elementor-element elementor-element-9c5577b elementor-section-boxed elementor-section-height-default elementor-section-height-default parallax_section_no qode_elementor_container_no\" data-id=\"9c5577b\" data-element_type=\"section\" data-e-type=\"section\">\n\t\t\t\t\t\t<div class=\"elementor-container elementor-column-gap-default\">\n\t\t\t\t\t<div class=\"elementor-column elementor-col-100 elementor-top-column elementor-element elementor-element-403e058\" data-id=\"403e058\" data-element_type=\"column\" data-e-type=\"column\">\n\t\t\t<div class=\"elementor-widget-wrap elementor-element-populated\">\n\t\t\t\t\t\t<div class=\"elementor-element elementor-element-bb5320c elementor-widget elementor-widget-text-editor\" data-id=\"bb5320c\" data-element_type=\"widget\" data-e-type=\"widget\" data-widget_type=\"text-editor.default\">\n\t\t\t\t<div class=\"elementor-widget-container\">\n\t\t\t\t\t\t\t\t\t<h2 style=\"text-align: center;\">AKO ZDRU\u017dENIE POTREBUJEME \u010cLENOV!<\/h2>\n<p>Sme si v\u0161ak vedom\u00ed aj n\u00e1kladov, ktor\u00e9 toto ochorenie so sebou prin\u00e1\u0161a, preto \u00fa\u010dtujeme iba symbolick\u00fd \u010dlensk\u00fd poplatok: <strong>iba 1 \u20ac<\/strong> (menej ako 2 dol\u00e1re \u2013 v z\u00e1vislosti od v\u00fdmenn\u00e9ho kurzu), alebo v akejko\u013evek inej v\u00fd\u0161ke, akou by ste chceli prispie\u0165, \u010di u\u017e ste pacient, o\u0161etrovate\u013e, rodina alebo priate\u013e pacienta alebo odborn\u00edk na medic\u00ednu.<\/p>\n<p><strong>Na \u010do pou\u017e\u00edvame peniaze<\/strong><\/p>\n<p><span data-sheets-root=\"1\">Ka\u017ed\u00fd rok pon\u00fakneme finan\u010dn\u00fa spr\u00e1vu s podrobn\u00fdmi pr\u00edjmami a v\u00fddavkami.<\/span><br \/><span data-sheets-root=\"1\">Pre inform\u00e1ciu, vyzbieran\u00e9 peniaze bud\u00fa pou\u017eit\u00e9 na:<\/span><\/p>\n<ul>\n<li>Pre inform\u00e1ciu, vyzbieran\u00e9 peniaze bud\u00fa pou\u017eit\u00e9 na:<\/li>\n<li>Poplatky samotnej organiz\u00e1cie.<\/li>\n<li>\u00dadr\u017eba webovej str\u00e1nky.<\/li>\n<li><strong>A hlavne na financovanie v\u00fdskumu:<\/strong> podrobnosti o v\u00fddavkoch na financovanie bud\u00fa uveden\u00e9 v bulletine.<\/li>\n<\/ul>\n<p>V\u00e4\u010d\u0161ina webov\u00fdch str\u00e1nok je verejn\u00e1, otvoren\u00e1 pre ka\u017ed\u00e9ho, kto h\u013ead\u00e1 inform\u00e1cie. Na\u0161\u00edm cie\u013eom je zdru\u017eova\u0165 komunitu ACC. Existuje v\u0161ak mal\u00e1 \u010das\u0165 tejto webovej str\u00e1nky, ktor\u00e1 je \u201eLEN PRE \u010cLENOV\u201c, a ktor\u00e1 v\u00e1m poskytuje men\u00e1 a kontakty odborn\u00edkov (s ich individu\u00e1lnym s\u00fahlasom), najnov\u0161ie lek\u00e1rske inform\u00e1cie a najnov\u0161ie spr\u00e1vy o komunite ACC a prebiehaj\u00facich klinick\u00fdch \u0161t\u00fadiach. Rozhodli sme sa vy\u017eadova\u0165 \u010dlenstvo iba pre t\u00fato \u010das\u0165 webovej str\u00e1nky.<\/p>\n<p><span data-sheets-root=\"1\">Vyberte si, ko\u013eko chcete darova\u0165 (minim\u00e1lne 1 \u20ac \/ menej ako 2 $). Potom budete presmerovan\u00ed na zabezpe\u010den\u00fa platobn\u00fa webov\u00fa str\u00e1nku Paypal, aby ste mohli dokon\u010di\u0165 platbu. K automatick\u00e9mu obnoveniu predplatn\u00e9ho nedoch\u00e1dza.<\/span><\/p>\n\t\t\t\t\t\t\t\t<\/div>\n\t\t\t\t<\/div>\n\t\t\t\t\t<\/div>\n\t\t<\/div>\n\t\t\t\t\t<\/div>\n\t\t<\/section>\n\t\t\t\t<section class=\"elementor-section elementor-top-section elementor-element elementor-element-7de7387c elementor-section-boxed elementor-section-height-default elementor-section-height-default parallax_section_no qode_elementor_container_no\" data-id=\"7de7387c\" data-element_type=\"section\" data-e-type=\"section\">\n\t\t\t\t\t\t<div class=\"elementor-container elementor-column-gap-default\">\n\t\t\t\t\t<div class=\"elementor-column elementor-col-100 elementor-top-column elementor-element elementor-element-5cbdacac\" data-id=\"5cbdacac\" data-element_type=\"column\" data-e-type=\"column\">\n\t\t\t<div class=\"elementor-widget-wrap elementor-element-populated\">\n\t\t\t\t\t\t<div class=\"elementor-element elementor-element-12c53e4 elementor-widget elementor-widget-shortcode\" data-id=\"12c53e4\" data-element_type=\"widget\" data-e-type=\"widget\" data-widget_type=\"shortcode.default\">\n\t\t\t\t<div class=\"elementor-widget-container\">\n\t\t\t\t\t\t\t<div class=\"elementor-shortcode\">        <form enctype=\"multipart\/form-data\" method=\"post\" id=\"wppb-register-user\" class=\"wppb-user-forms wppb-register-user wppb-user-logged-out\" action=\"https:\/\/letscureacc.com\/sk\/wp-json\/wp\/v2\/pages\/9758\">\n\t\t\t<ul><li class=\"wppb-form-field wppb-default-username\" id=\"wppb-form-element-2\">\n\t\t\t<label for=\"username\">Username<span class=\"wppb-required\" title=\"This field is required\">*<\/span><\/label>\n\t\t\t<input class=\"text-input default_field_username \" name=\"username\" maxlength=\"70\" type=\"text\" id=\"username\" value=\"\"  \/><\/li><li class=\"wppb-form-field wppb-default-first-name\" id=\"wppb-form-element-3\">\n\t\t\t<label for=\"first_name\">First Name<\/label>\n\t\t\t<input class=\"text-input default_field_firstname \" name=\"first_name\" maxlength=\"70\" type=\"text\" id=\"first_name\" value=\"\"  \/><\/li><li class=\"wppb-form-field wppb-default-last-name\" id=\"wppb-form-element-4\">\n\t\t\t<label for=\"last_name\">Last Name<\/label>\n\t\t\t<input class=\"text-input default_field_lastname \" name=\"last_name\" maxlength=\"70\" type=\"text\" id=\"last_name\" value=\"\" \/><\/li><li class=\"wppb-form-field wppb-default-e-mail\" id=\"wppb-form-element-8\">\n\t\t\t<label for=\"email\">E-mail<span class=\"wppb-required\" title=\"This field is required\">*<\/span><\/label>\n\t\t\t<input class=\"text-input default_field_email \" name=\"email\" maxlength=\"70\" type=\"email\" id=\"email\" value=\"\"   \/><\/li><li class=\"wppb-form-field wppb-select\" id=\"wppb-form-element-21\">\n\t\t\t\t<label for=\"custom_field_4\">Who are you?<span class=\"wppb-required\" title=\"This field is required\">*<\/span><\/label>\n\t\t\t\t<select name=\"custom_field_4\" id=\"custom_field_4\" class=\"custom_field_select\" ><option value=\"Patient\" class=\"custom_field_select_option \" >Patient<\/option><option value=\"Caregiver \/ friend of a patient\" class=\"custom_field_select_option \" >Caregiver \/ friend of a patient<\/option><option value=\"Medical professional\" class=\"custom_field_select_option \" >Medical professional<\/option><option value=\"Other\" class=\"custom_field_select_option \" >Other<\/option>\n\t\t\t\t<\/select><\/li><li class=\"wppb-form-field wppb-select\" id=\"wppb-form-element-22\">\n\t\t\t\t<label for=\"custom_field_5\">What is your interest in becoming a member?<span class=\"wppb-required\" title=\"This field is required\">*<\/span><\/label>\n\t\t\t\t<select name=\"custom_field_5\" id=\"custom_field_5\" class=\"custom_field_select\" ><option value=\"Thankful for the help of the website and want to contribute\/keep in touch\" class=\"custom_field_select_option \" >Thankful for the help of the website and want to contribute\/keep in touch<\/option><option value=\"Get in touch with medical experts\" class=\"custom_field_select_option \" >Get in touch with medical experts<\/option><option value=\"Knowing the latest in research on ACC\" class=\"custom_field_select_option \" >Knowing the latest in research on ACC<\/option><option value=\"Giving to research\" class=\"custom_field_select_option \" >Giving to research<\/option><option value=\"Receive the newsletter\" class=\"custom_field_select_option \" >Receive the newsletter<\/option><option value=\"Other\" class=\"custom_field_select_option \" >Other<\/option>\n\t\t\t\t<\/select><\/li><li class=\"wppb-form-field wppb-select-country\" id=\"wppb-form-element-19\"><\/li><li class=\"wppb-form-field wppb-default-password\" id=\"wppb-form-element-12\"><div class=\"wppb-password-group\">\n\t\t\t\t<div class=\"wppb-password-subfield wppb-new-password-subfield\">\n\t\t\t\t\t<label for=\"passw1\">Password<span class=\"wppb-required\" title=\"This field is required\">*<\/span><\/label>\n\t\t            <span class=\"wppb-password-field-container\">\n\t\t\t\t\t    <input class=\"text-input \" name=\"passw1\" maxlength=\"70\" type=\"password\" id=\"passw1\" value=\"\" autocomplete=\"off\" \/>\n\t\t\t\t\t     <!-- add the HTML for the visibility toggle -->\n\t\t\t\t\t<\/span>\n\t\t\t\t<\/div><\/div><span class=\"wppb-description-delimiter\"> <\/span><\/li><li class=\"wppb-form-field wppb-default-repeat-password\" id=\"wppb-form-element-13\">\n\t\t\t<label for=\"passw2\">Repeat Password<span class=\"wppb-required\" title=\"This field is required\">*<\/span><\/label>\n\t\t\t<span class=\"wppb-password-field-container\">\n\t\t\t    <input class=\"text-input \" name=\"passw2\" maxlength=\"70\" type=\"password\" id=\"passw2\" value=\"\" autocomplete=\"off\" \/>\n\t\t\t     <!-- add the HTML for the visibility toggle -->\n\t\t\t<\/span><\/li><li class=\"wppb-form-field wppb-mailchimp-subscribe\" id=\"wppb-form-element-20\"><\/li><li class=\"wppb-form-field wppb-subscription-plans\" id=\"wppb-form-element-14\"><div class=\"pms-subscription-plan pms-hidden pms-subscription-plan-519\"><input type=\"hidden\" name=\"subscription_plans\" data-price=\"1\" data-duration=\"1\" data-fixed_membership=\"\" data-allow_renew=\"\" data-sign_up_fee=\"0\" data-trial=\"0\" data-recurring=\"0\"  value=\"519\" \/><label><span class=\"pms-subscription-plan-name\">Member<\/span><span class=\"pms-subscription-plan-price\"><span class=\"pms-divider\"> - <\/span> How much would you like to donate? (&#8364;) <input name=\"subscription_price_519\" type=\"text\" class=\"small pms_pwyw_pricing\" value=\"1\"><span class=\"pms-divider pms-duration-divider\"> \/ <\/span><span class=\"pms-subscription-plan-duration\">1 Year<\/span><\/span><span class=\"pms-subscription-plan-trial\"><\/span><span class=\"pms-subscription-plan-sign-up-fee\"><\/span><\/label><\/div><input type=\"hidden\" name=\"pms_default_recurring\" value=\"3\" \/><\/li><li class=\"wppb-form-field wppb-recaptcha wppb-recaptcha-v2\" id=\"wppb-form-element-15\"><label for=\"recaptcha_response_field\"> <span class=\"wppb-required\" title=\"This field is required\">*<\/span><\/label><div id=\"wppb-recaptcha-element-pb_register1\" class=\"wppb-recaptcha-element \"><\/div><span class=\"wppb-description-delimiter\"> <\/span><\/li><div class=\"pms-paygates-holder\"><div id=\"pms-paygates-wrapper\"><h3>Select a Payment Method<\/h3><div id=\"pms-paygates-inner\"><label><input type=\"radio\" class=\"pms_pay_gate\" name=\"pay_gate\" value=\"manual\" data-sign_up_fee=\"1\" data-trial=\"1\" data-recurring=\"1\"  \/><span class=\"pms-paygate-name\">Manual \/ Offline<\/span><\/label><label><input type=\"radio\" class=\"pms_pay_gate\" name=\"pay_gate\" value=\"paypal_connect\" data-sign_up_fee=\"1\" data-trial=\"1\" data-recurring=\"1\"  data-type=\"extra_fields\" \/><span class=\"pms-paygate-name\">PayPal<\/span><\/label><label><input type=\"radio\" class=\"pms_pay_gate\" name=\"pay_gate\" value=\"stripe_connect\"  checked='checked'data-sign_up_fee=\"1\" data-trial=\"1\" data-recurring=\"1\"  data-type=\"extra_fields\" \/><span class=\"pms-paygate-name\">Credit \/ Debit Card<\/span><\/label><\/div><div id=\"pms-gateways-not-available\"><span>No payment methods are available for the selected subscription plan.<\/span><\/div><\/div><ul id=\"pms-stripe-connect\" class=\"pms-field-section pms-paygate-extra-fields pms-paygate-extra-fields-stripe_connect\"><li class=\"pms-field pms-field-type-heading \"><h3>Platobn\u00e9 \u00fadaje<\/h3><\/li><div class=\"pms-spinner__holder\"><div class=\"pms-spinner\"><\/div><\/div><div id=\"pms-stripe-payment-elements\" style=\"display:none\"><\/div><\/ul><ul id=\"pms-paypal-connect\" class=\"pms-field-section pms-paygate-extra-fields pms-paygate-extra-fields-paypal_connect\"><div id=\"pms-paygate-extra-fields-paypal_connect__placeholder\">Before you can accept payments, you need to connect your PayPal account by going to Dashboard -> Paid Member Subscriptions -> Settings -> Payments -> <a href=\"https:\/\/letscureacc.com\/wp-admin\/admin.php?page=pms-settings-page&#038;tab=payments&#038;nav_sub_tab=payments_gateways\">Gateways<\/a>.<\/div><\/ul><\/div><input type=\"hidden\" id=\"pms-process-checkout-nonce\" name=\"pms_process_checkout_nonce\" value=\"1867194bba\"\/><input type=\"hidden\" id=\"stripe-pk\" value=\"pk_live_51RqrySC5EkX6O9JyXLhGMtcNtIUdyCiiXr5xFKWjJF1TLL3aKUMIU0kJsnh3DojxRi8PNzglsKVvjq584arj2nYx00bAjB7Ecx\" \/><input type=\"hidden\" name=\"pms_stripe_connect_payment_intent\" value=\"\"\/><input type=\"hidden\" name=\"pms_stripe_connect_setup_intent\" value=\"\"\/><input type=\"hidden\" id=\"pms-stripe-ajax-update-payment-intent-nonce\" name=\"stripe_ajax_update_payment_intent_nonce\" value=\"14a186632c\"\/><\/ul><span id=\"pms-submit-button-loading-placeholder-text\" style=\"display: none;\">Processing. Please wait...<\/span><\/ul><ul><input id=\"send_credentials_via_email\" type=\"hidden\" name=\"send_credentials_via_email\" value=\"sending\"\/><\/ul><\/ul>\t\t\t<p class=\"form-submit\"  >\n\t\t\t\t                \t\t\t\t<input name=\"register\" type=\"submit\" id=\"register\" class=\"submit button\" value=\"Register\" \/>\n                <input name=\"redirect_to\" type=\"hidden\" value=\"\" \/>\n                \t\t\t\t<input name=\"action\" type=\"hidden\" id=\"action\" value=\"register\" \/>\n\t\t\t\t<input name=\"form_name\" type=\"hidden\" id=\"form_name\" value=\"unspecified\" \/>\n\t\t\t\t<input name=\"form_id\" type=\"hidden\" id=\"form_id\" value=\"\" \/>\n\t\t\t\t\t\t\t<\/p><!-- .form-submit -->\n\t\t\t<input type=\"hidden\" id=\"register_unspecified_nonce_field\" name=\"register_unspecified_nonce_field\" value=\"e119fd301a\" \/><input type=\"hidden\" name=\"_wp_http_referer\" value=\"\/sk\/wp-json\/wp\/v2\/pages\/9758\" \/>\t\t<\/form>\n\t\t<\/div>\n\t\t\t\t\t\t<\/div>\n\t\t\t\t<\/div>\n\t\t\t\t\t<\/div>\n\t\t<\/div>\n\t\t\t\t\t<\/div>\n\t\t<\/section>\n\t\t\t\t<\/div>\n\t\t","protected":false},"excerpt":{"rendered":"<p>AKO ZDRU\u017dENIE POTREBUJEME \u010cLENOV! Sme si v\u0161ak vedom\u00ed aj n\u00e1kladov, ktor\u00e9 toto ochorenie so sebou prin\u00e1\u0161a, preto \u00fa\u010dtujeme iba symbolick\u00fd \u010dlensk\u00fd poplatok: iba 1 \u20ac (menej ako 2 dol\u00e1re \u2013 v z\u00e1vislosti od v\u00fdmenn\u00e9ho kurzu), alebo v akejko\u013evek inej v\u00fd\u0161ke, akou by ste chceli prispie\u0165,&#8230;<\/p>\n","protected":false},"author":416,"featured_media":0,"parent":0,"menu_order":0,"comment_status":"closed","ping_status":"closed","template":"","meta":{"give_campaign_id":0,"inline_featured_image":false,"footnotes":""},"class_list":["post-9758","page","type-page","status-publish","hentry"],"campaignId":"","_links":{"self":[{"href":"https:\/\/letscureacc.com\/sk\/wp-json\/wp\/v2\/pages\/9758","targetHints":{"allow":["GET"]}}],"collection":[{"href":"https:\/\/letscureacc.com\/sk\/wp-json\/wp\/v2\/pages"}],"about":[{"href":"https:\/\/letscureacc.com\/sk\/wp-json\/wp\/v2\/types\/page"}],"author":[{"embeddable":true,"href":"https:\/\/letscureacc.com\/sk\/wp-json\/wp\/v2\/users\/416"}],"replies":[{"embeddable":true,"href":"https:\/\/letscureacc.com\/sk\/wp-json\/wp\/v2\/comments?post=9758"}],"version-history":[{"count":0,"href":"https:\/\/letscureacc.com\/sk\/wp-json\/wp\/v2\/pages\/9758\/revisions"}],"wp:attachment":[{"href":"https:\/\/letscureacc.com\/sk\/wp-json\/wp\/v2\/media?parent=9758"}],"curies":[{"name":"wp","href":"https:\/\/api.w.org\/{rel}","templated":true}]}}