{"id":9542,"date":"2024-12-19T13:42:09","date_gmt":"2024-12-19T12:42:09","guid":{"rendered":"https:\/\/letscureacc.com\/%e5%8c%bb%e5%ad%a6%e9%a1%be%e9%97%ae%e5%a7%94%e5%91%98%e4%bc%9a\/"},"modified":"2024-12-19T14:28:10","modified_gmt":"2024-12-19T13:28:10","slug":"%e5%8c%bb%e5%ad%a6%e9%a1%be%e9%97%ae%e5%a7%94%e5%91%98%e4%bc%9a","status":"publish","type":"page","link":"https:\/\/letscureacc.com\/zh-hans\/%e5%8c%bb%e5%ad%a6%e9%a1%be%e9%97%ae%e5%a7%94%e5%91%98%e4%bc%9a\/","title":{"rendered":"\u533b\u5b66\u987e\u95ee\u59d4\u5458\u4f1a"},"content":{"rendered":"\t\t<div data-elementor-type=\"wp-page\" data-elementor-id=\"9542\" class=\"elementor elementor-9542 elementor-9257\">\n\t\t\t\t\t\t<section class=\"elementor-section elementor-top-section elementor-element elementor-element-2f84ef40 elementor-section-full_width elementor-section-height-default elementor-section-height-default parallax_section_no qode_elementor_container_no\" data-id=\"2f84ef40\" data-element_type=\"section\" data-e-type=\"section\" data-settings=\"{&quot;background_background&quot;:&quot;classic&quot;}\">\n\t\t\t\t\t\t<div class=\"elementor-container elementor-column-gap-default\">\n\t\t\t\t\t<div class=\"elementor-column elementor-col-100 elementor-top-column elementor-element elementor-element-26f11fd\" data-id=\"26f11fd\" data-element_type=\"column\" data-e-type=\"column\">\n\t\t\t<div class=\"elementor-widget-wrap\">\n\t\t\t\t\t\t\t<\/div>\n\t\t<\/div>\n\t\t\t\t\t<\/div>\n\t\t<\/section>\n\t\t\t\t<section class=\"elementor-section elementor-top-section elementor-element elementor-element-25b2d1a elementor-section-boxed elementor-section-height-default elementor-section-height-default parallax_section_no qode_elementor_container_no\" data-id=\"25b2d1a\" data-element_type=\"section\" data-e-type=\"section\">\n\t\t\t\t\t\t<div class=\"elementor-container elementor-column-gap-default\">\n\t\t\t\t\t<div class=\"elementor-column elementor-col-100 elementor-top-column elementor-element elementor-element-71467a7\" data-id=\"71467a7\" data-element_type=\"column\" data-e-type=\"column\">\n\t\t\t<div class=\"elementor-widget-wrap elementor-element-populated\">\n\t\t\t\t\t\t<div class=\"elementor-element elementor-element-ce3a175 elementor-widget elementor-widget-heading\" data-id=\"ce3a175\" data-element_type=\"widget\" data-e-type=\"widget\" data-widget_type=\"heading.default\">\n\t\t\t\t<div class=\"elementor-widget-container\">\n\t\t\t\t\t<h2 class=\"elementor-heading-title elementor-size-default\">\u8ba9\u6211\u4eec\u6cbb\u6108ACC\uff08Let's Cure ACC\uff09\u533b\u5b66\u987e\u95ee\u59d4\u5458\u4f1a\u7b80\u4ecb<\/h2>\t\t\t\t<\/div>\n\t\t\t\t<\/div>\n\t\t\t\t\t<\/div>\n\t\t<\/div>\n\t\t\t\t\t<\/div>\n\t\t<\/section>\n\t\t\t\t<section class=\"elementor-section elementor-top-section elementor-element elementor-element-966c33f elementor-section-boxed elementor-section-height-default elementor-section-height-default parallax_section_no qode_elementor_container_no\" data-id=\"966c33f\" data-element_type=\"section\" data-e-type=\"section\">\n\t\t\t\t\t\t<div class=\"elementor-container elementor-column-gap-default\">\n\t\t\t\t\t<div class=\"elementor-column elementor-col-100 elementor-top-column elementor-element elementor-element-3f9a9c7\" data-id=\"3f9a9c7\" data-element_type=\"column\" data-e-type=\"column\">\n\t\t\t<div class=\"elementor-widget-wrap elementor-element-populated\">\n\t\t\t\t\t\t<div class=\"elementor-element elementor-element-bbc9d02 elementor-widget elementor-widget-text-editor\" data-id=\"bbc9d02\" data-element_type=\"widget\" data-e-type=\"widget\" data-widget_type=\"text-editor.default\">\n\t\t\t\t<div class=\"elementor-widget-container\">\n\t\t\t\t\t\t\t\t\t<p><span style=\"font-weight: 400;\">\u8ba9\u6211\u4eec\u6cbb\u6108ACC\u60a3\u8005\u6743\u76ca\u7ec4\u7ec7\uff08Let&#8217;s Cure ACC\uff09\u7531\u4e00\u652f\u5353\u8d8a\u7684\u533b\u5b66\u987e\u95ee\u59d4\u5458\u4f1a\uff08Medical Advisory Board, MAB\uff09\u63d0\u4f9b\u6307\u5bfc\uff0c\u8be5\u59d4\u5458\u4f1a\u7531ACC\uff08\u80be\u4e0a\u817a\u76ae\u8d28\u764c\uff09\u6cbb\u7597\u548c\u7814\u7a76\u9886\u57df\u7684\u9876\u5c16\u4e13\u5bb6\u7ec4\u6210\u3002\u533b\u5b66\u987e\u95ee\u59d4\u5458\u4f1a\u5728\u63d0\u4f9b\u4e13\u4e1a\u6307\u5bfc\u65b9\u9762\u53d1\u6325\u7740\u5173\u952e\u4f5c\u7528\uff0c\u786e\u4fdd\u6211\u4eec\u7684\u7ec4\u7ec7\u59cb\u7ec8\u5904\u4e8e\u533b\u5b66\u8fdb\u6b65\u7684\u524d\u6cbf\uff0c\u5e76\u652f\u6301\u6211\u4eec\u670d\u52a1\u5168\u7403ACC\u793e\u533a\u7684\u4f7f\u547d\u3002\u867d\u7136\u8fd9\u4e9b\u533b\u5b66\u4e13\u5bb6\u4e0d\u4f1a\u76f4\u63a5\u4e3a\u60a3\u8005\u63d0\u4f9b\u670d\u52a1\uff0c\u4f46\u4ed6\u4eec\u4e0e\u6211\u4eec\u7684\u7406\u4e8b\u4f1a\u7d27\u5bc6\u5408\u4f5c\uff0c\u63d0\u4f9b\u6218\u7565\u6027\u5efa\u8bae\uff0c\u5ba1\u67e5\u9879\u76ee\u63d0\u6848\uff0c\u5e76\u52a0\u5f3a\u6211\u4eec\u4e0e\u533b\u5b66\u9886\u57df\u7684\u8054\u7cfb\u3002\u4ed6\u4eec\u7684\u53c2\u4e0e\u63d0\u5347\u4e86\u6211\u4eec\u5728\u56fd\u9645\u4e0a\u7684\u5f71\u54cd\u529b\uff0c\u540c\u65f6\u786e\u4fdd\u4e86\u6211\u4eec\u5728\u533b\u7597\u5b9e\u8df5\u65b9\u9762\u5bf9\u7b26\u5408\u4f26\u7406\u7684\u548c\u6709\u5f71\u54cd\u529b\u7684\u627f\u8bfa\u3002\u00a0<\/span><\/p><p>\u00a0<\/p>\t\t\t\t\t\t\t\t<\/div>\n\t\t\t\t<\/div>\n\t\t\t\t\t<\/div>\n\t\t<\/div>\n\t\t\t\t\t<\/div>\n\t\t<\/section>\n\t\t\t\t<section class=\"elementor-section elementor-top-section elementor-element elementor-element-1aa5d92 elementor-section-boxed elementor-section-height-default elementor-section-height-default parallax_section_no qode_elementor_container_no\" data-id=\"1aa5d92\" data-element_type=\"section\" data-e-type=\"section\">\n\t\t\t\t\t\t<div class=\"elementor-container elementor-column-gap-default\">\n\t\t\t\t\t<div class=\"elementor-column elementor-col-25 elementor-top-column elementor-element elementor-element-2ca1560\" data-id=\"2ca1560\" data-element_type=\"column\" data-e-type=\"column\">\n\t\t\t<div class=\"elementor-widget-wrap elementor-element-populated\">\n\t\t\t\t\t\t<div class=\"elementor-element elementor-element-24904a9 elementor-widget elementor-widget-image\" data-id=\"24904a9\" data-element_type=\"widget\" data-e-type=\"widget\" data-widget_type=\"image.default\">\n\t\t\t\t<div class=\"elementor-widget-container\">\n\t\t\t\t\t\t\t\t\t\t\t\t<figure class=\"wp-caption\">\n\t\t\t\t\t\t\t\t\t\t<img decoding=\"async\" width=\"189\" height=\"239\" src=\"https:\/\/letscureacc.com\/wp-content\/uploads\/2024\/10\/Guillaume_Assie-1.png\" class=\"attachment-full size-full wp-image-9444\" alt=\"\" \/>\t\t\t\t\t\t\t\t\t\t\t<figcaption class=\"widget-image-caption wp-caption-text\"><strong>Pr Guillaume Assi\u00e9 <\/strong><br>\n<small>Service d\u2019Endocrinologie de Cochin<br>Inserm CNRS Universit\u00e9 de Paris<br>\nChaire IA en Sant\u00e9 de la fondation UP (Dpt IA en Sant\u00e9) UFR m\u00e9decine -  U-Paris <br>\nPresident of ENSAT until Jan. 2025 <\/small><\/figcaption>\n\t\t\t\t\t\t\t\t\t\t<\/figure>\n\t\t\t\t\t\t\t\t\t<\/div>\n\t\t\t\t<\/div>\n\t\t\t\t\t<\/div>\n\t\t<\/div>\n\t\t\t\t<div class=\"elementor-column elementor-col-25 elementor-top-column elementor-element elementor-element-faf1df7\" data-id=\"faf1df7\" data-element_type=\"column\" data-e-type=\"column\">\n\t\t\t<div class=\"elementor-widget-wrap elementor-element-populated\">\n\t\t\t\t\t\t<div class=\"elementor-element elementor-element-de6faad elementor-widget elementor-widget-image\" data-id=\"de6faad\" data-element_type=\"widget\" data-e-type=\"widget\" data-widget_type=\"image.default\">\n\t\t\t\t<div class=\"elementor-widget-container\">\n\t\t\t\t\t\t\t\t\t\t\t\t<figure class=\"wp-caption\">\n\t\t\t\t\t\t\t\t\t\t<img decoding=\"async\" width=\"189\" height=\"240\" src=\"https:\/\/letscureacc.com\/wp-content\/uploads\/2024\/10\/Kaitlinn_Basham.png\" class=\"attachment-large size-large wp-image-9387\" alt=\"\" \/>\t\t\t\t\t\t\t\t\t\t\t<figcaption class=\"widget-image-caption wp-caption-text\"><strong>Kaitlin J. Basham<br><\/strong><small>Ph.D. Assistant Professor, Department of Oncological Sciences, University of Utah Investigator - Huntsman Cancer Institute<\/small><\/figcaption>\n\t\t\t\t\t\t\t\t\t\t<\/figure>\n\t\t\t\t\t\t\t\t\t<\/div>\n\t\t\t\t<\/div>\n\t\t\t\t\t<\/div>\n\t\t<\/div>\n\t\t\t\t<div class=\"elementor-column elementor-col-25 elementor-top-column elementor-element elementor-element-f51b5ee\" data-id=\"f51b5ee\" data-element_type=\"column\" data-e-type=\"column\">\n\t\t\t<div class=\"elementor-widget-wrap elementor-element-populated\">\n\t\t\t\t\t\t<div class=\"elementor-element elementor-element-24dee14 elementor-widget elementor-widget-image\" data-id=\"24dee14\" data-element_type=\"widget\" data-e-type=\"widget\" data-widget_type=\"image.default\">\n\t\t\t\t<div class=\"elementor-widget-container\">\n\t\t\t\t\t\t\t\t\t\t\t\t<figure class=\"wp-caption\">\n\t\t\t\t\t\t\t\t\t\t<img decoding=\"async\" width=\"190\" height=\"245\" src=\"https:\/\/letscureacc.com\/wp-content\/uploads\/2024\/10\/Alfredo_Berruti.png\" class=\"attachment-large size-large wp-image-9347\" alt=\"\" \/>\t\t\t\t\t\t\t\t\t\t\t<figcaption class=\"widget-image-caption wp-caption-text\"><strong>Pr Alfredo Berruti<br><\/strong><small>\nOncologia Medica Universit\u00e0 degli Studi di Brescia Dipartimento di Specialit\u00e0 Medico-Chirurgiche, Scienze Radiologiche e Sanit\u00e0 Pubblica Azienda Ospedaliera Spedali Civili <\/small><\/figcaption>\n\t\t\t\t\t\t\t\t\t\t<\/figure>\n\t\t\t\t\t\t\t\t\t<\/div>\n\t\t\t\t<\/div>\n\t\t\t\t\t<\/div>\n\t\t<\/div>\n\t\t\t\t<div class=\"elementor-column elementor-col-25 elementor-top-column elementor-element elementor-element-7205655\" data-id=\"7205655\" data-element_type=\"column\" data-e-type=\"column\">\n\t\t\t<div class=\"elementor-widget-wrap elementor-element-populated\">\n\t\t\t\t\t\t<div class=\"elementor-element elementor-element-e826263 elementor-widget elementor-widget-image\" data-id=\"e826263\" data-element_type=\"widget\" data-e-type=\"widget\" data-widget_type=\"image.default\">\n\t\t\t\t<div class=\"elementor-widget-container\">\n\t\t\t\t\t\t\t\t\t\t\t\t<figure class=\"wp-caption\">\n\t\t\t\t\t\t\t\t\t\t<img loading=\"lazy\" decoding=\"async\" width=\"295\" height=\"379\" src=\"https:\/\/letscureacc.com\/wp-content\/uploads\/2024\/10\/Tobias_Else-e1729519348393.jpg\" class=\"attachment-portfolio-square size-portfolio-square wp-image-9427\" alt=\"\" \/>\t\t\t\t\t\t\t\t\t\t\t<figcaption class=\"widget-image-caption wp-caption-text\"><strong>Dr Tobias Else<\/strong><br><small>MD Associate Professor Dept. of Internal Medicine &amp; Program Director of MEND <br>Fellowship Program Comprehensive Clinical Care Center for VHL disease &amp; Center of Excellence \u2013 PGL\/PCC Alliance Endocrine Oncology Clinic\/Cancer Genetics Clinic <\/small><\/figcaption>\n\t\t\t\t\t\t\t\t\t\t<\/figure>\n\t\t\t\t\t\t\t\t\t<\/div>\n\t\t\t\t<\/div>\n\t\t\t\t\t<\/div>\n\t\t<\/div>\n\t\t\t\t\t<\/div>\n\t\t<\/section>\n\t\t\t\t<section class=\"elementor-section elementor-top-section elementor-element elementor-element-47cb320 elementor-section-boxed elementor-section-height-default elementor-section-height-default parallax_section_no qode_elementor_container_no\" data-id=\"47cb320\" data-element_type=\"section\" data-e-type=\"section\">\n\t\t\t\t\t\t<div class=\"elementor-container elementor-column-gap-default\">\n\t\t\t\t\t<div class=\"elementor-column elementor-col-25 elementor-top-column elementor-element elementor-element-74bfd48\" data-id=\"74bfd48\" data-element_type=\"column\" data-e-type=\"column\">\n\t\t\t<div class=\"elementor-widget-wrap elementor-element-populated\">\n\t\t\t\t\t\t<div class=\"elementor-element elementor-element-4fae928 elementor-widget elementor-widget-spacer\" data-id=\"4fae928\" data-element_type=\"widget\" data-e-type=\"widget\" data-widget_type=\"spacer.default\">\n\t\t\t\t<div class=\"elementor-widget-container\">\n\t\t\t\t\t\t\t<div class=\"elementor-spacer\">\n\t\t\t<div class=\"elementor-spacer-inner\"><\/div>\n\t\t<\/div>\n\t\t\t\t\t\t<\/div>\n\t\t\t\t<\/div>\n\t\t\t\t<div class=\"elementor-element elementor-element-d48d9e9 elementor-widget elementor-widget-image\" data-id=\"d48d9e9\" data-element_type=\"widget\" data-e-type=\"widget\" data-widget_type=\"image.default\">\n\t\t\t\t<div class=\"elementor-widget-container\">\n\t\t\t\t\t\t\t\t\t\t\t\t<figure class=\"wp-caption\">\n\t\t\t\t\t\t\t\t\t\t<img decoding=\"async\" src=\"https:\/\/letscureacc.com\/wp-content\/uploads\/2024\/10\/Martin_Fassnacht-1-e1729520135363.jpg\" title=\"Martin Fassnacht\" alt=\"Pr Martin Fassnacht Chair Department of Endocrinology - University Hospital W\u00fcrzburg (Germany)\" loading=\"lazy\" \/>\t\t\t\t\t\t\t\t\t\t\t<figcaption class=\"widget-image-caption wp-caption-text\"><strong>Pr Martin Fassnacht<\/strong><br> <small>Chair Department of Endocrinology - University Hospital W\u00fcrzburg (Germany)<\/small><\/figcaption>\n\t\t\t\t\t\t\t\t\t\t<\/figure>\n\t\t\t\t\t\t\t\t\t<\/div>\n\t\t\t\t<\/div>\n\t\t\t\t\t<\/div>\n\t\t<\/div>\n\t\t\t\t<div class=\"elementor-column elementor-col-25 elementor-top-column elementor-element elementor-element-ceed6de\" data-id=\"ceed6de\" data-element_type=\"column\" data-e-type=\"column\">\n\t\t\t<div class=\"elementor-widget-wrap elementor-element-populated\">\n\t\t\t\t\t\t<div class=\"elementor-element elementor-element-8249e3b elementor-widget elementor-widget-spacer\" data-id=\"8249e3b\" data-element_type=\"widget\" data-e-type=\"widget\" data-widget_type=\"spacer.default\">\n\t\t\t\t<div class=\"elementor-widget-container\">\n\t\t\t\t\t\t\t<div class=\"elementor-spacer\">\n\t\t\t<div class=\"elementor-spacer-inner\"><\/div>\n\t\t<\/div>\n\t\t\t\t\t\t<\/div>\n\t\t\t\t<\/div>\n\t\t\t\t<div class=\"elementor-element elementor-element-d30eeaa elementor-widget elementor-widget-image\" data-id=\"d30eeaa\" data-element_type=\"widget\" data-e-type=\"widget\" data-widget_type=\"image.default\">\n\t\t\t\t<div class=\"elementor-widget-container\">\n\t\t\t\t\t\t\t\t\t\t\t\t<figure class=\"wp-caption\">\n\t\t\t\t\t\t\t\t\t\t<img loading=\"lazy\" decoding=\"async\" width=\"189\" height=\"239\" src=\"https:\/\/letscureacc.com\/wp-content\/uploads\/2024\/10\/Gary_Hammer.jpg\" class=\"attachment-large size-large wp-image-9371\" alt=\"\" \/>\t\t\t\t\t\t\t\t\t\t\t<figcaption class=\"widget-image-caption wp-caption-text\"><strong>Pr Gary D. Hammer<br><\/strong><small>M.D., Ph.D. Millie Schembechler Prof. of Adrenal Cancer Director <br>Endocrine Oncology Program - University of Michigan <br>Founding Director A5<br>Past President \u2013 Endocrine Society<\/small><\/figcaption>\n\t\t\t\t\t\t\t\t\t\t<\/figure>\n\t\t\t\t\t\t\t\t\t<\/div>\n\t\t\t\t<\/div>\n\t\t\t\t\t<\/div>\n\t\t<\/div>\n\t\t\t\t<div class=\"elementor-column elementor-col-25 elementor-top-column elementor-element elementor-element-eec5d0d\" data-id=\"eec5d0d\" data-element_type=\"column\" data-e-type=\"column\">\n\t\t\t<div class=\"elementor-widget-wrap elementor-element-populated\">\n\t\t\t\t\t\t<div class=\"elementor-element elementor-element-4b6592d elementor-widget elementor-widget-spacer\" data-id=\"4b6592d\" data-element_type=\"widget\" data-e-type=\"widget\" data-widget_type=\"spacer.default\">\n\t\t\t\t<div class=\"elementor-widget-container\">\n\t\t\t\t\t\t\t<div class=\"elementor-spacer\">\n\t\t\t<div class=\"elementor-spacer-inner\"><\/div>\n\t\t<\/div>\n\t\t\t\t\t\t<\/div>\n\t\t\t\t<\/div>\n\t\t\t\t<div class=\"elementor-element elementor-element-47dc31e elementor-widget elementor-widget-image\" data-id=\"47dc31e\" data-element_type=\"widget\" data-e-type=\"widget\" data-widget_type=\"image.default\">\n\t\t\t\t<div class=\"elementor-widget-container\">\n\t\t\t\t\t\t\t\t\t\t\t\t<figure class=\"wp-caption\">\n\t\t\t\t\t\t\t\t\t\t<img loading=\"lazy\" decoding=\"async\" width=\"295\" height=\"375\" src=\"https:\/\/letscureacc.com\/wp-content\/uploads\/2024\/10\/Electron_Kebebew-1-e1729519329517.jpg\" class=\"attachment-large size-large wp-image-9435\" alt=\"\" \/>\t\t\t\t\t\t\t\t\t\t\t<figcaption class=\"widget-image-caption wp-caption-text\"><strong>Dr Electron Kebebew<\/strong> <br>\n <small>MD, FACS, FCS (ECSA) <br>\nProfessor of Surgery -\nChief, Division of General Surgery -\nHarry A. Oberhelman Jr. and Mark L. Welton Professor -\nStanford University <\/small><\/figcaption>\n\t\t\t\t\t\t\t\t\t\t<\/figure>\n\t\t\t\t\t\t\t\t\t<\/div>\n\t\t\t\t<\/div>\n\t\t\t\t\t<\/div>\n\t\t<\/div>\n\t\t\t\t<div class=\"elementor-column elementor-col-25 elementor-top-column elementor-element elementor-element-2c18435\" data-id=\"2c18435\" data-element_type=\"column\" data-e-type=\"column\">\n\t\t\t<div class=\"elementor-widget-wrap elementor-element-populated\">\n\t\t\t\t\t\t<div class=\"elementor-element elementor-element-7311c60 elementor-widget elementor-widget-spacer\" data-id=\"7311c60\" data-element_type=\"widget\" data-e-type=\"widget\" data-widget_type=\"spacer.default\">\n\t\t\t\t<div class=\"elementor-widget-container\">\n\t\t\t\t\t\t\t<div class=\"elementor-spacer\">\n\t\t\t<div class=\"elementor-spacer-inner\"><\/div>\n\t\t<\/div>\n\t\t\t\t\t\t<\/div>\n\t\t\t\t<\/div>\n\t\t\t\t<div class=\"elementor-element elementor-element-bea4b50 elementor-widget elementor-widget-image\" data-id=\"bea4b50\" data-element_type=\"widget\" data-e-type=\"widget\" data-widget_type=\"image.default\">\n\t\t\t\t<div class=\"elementor-widget-container\">\n\t\t\t\t\t\t\t\t\t\t\t\t<figure class=\"wp-caption\">\n\t\t\t\t\t\t\t\t\t\t<img loading=\"lazy\" decoding=\"async\" width=\"191\" height=\"240\" src=\"https:\/\/letscureacc.com\/wp-content\/uploads\/2024\/10\/Katja_Kiseljak_Vassiliades.jpg\" class=\"attachment-large size-large wp-image-9395\" alt=\"\" \/>\t\t\t\t\t\t\t\t\t\t\t<figcaption class=\"widget-image-caption wp-caption-text\"><strong>Dr Katja Kiseljak Vassiliades<br><\/strong><small>Associate Professor &amp; endocrinologist University of Colorado School of Medicine Division of Endocrinology<br>Metabolism and Diabetes <\/small><\/figcaption>\n\t\t\t\t\t\t\t\t\t\t<\/figure>\n\t\t\t\t\t\t\t\t\t<\/div>\n\t\t\t\t<\/div>\n\t\t\t\t\t<\/div>\n\t\t<\/div>\n\t\t\t\t\t<\/div>\n\t\t<\/section>\n\t\t\t\t<section class=\"elementor-section elementor-top-section elementor-element elementor-element-5e6274a elementor-section-boxed elementor-section-height-default elementor-section-height-default parallax_section_no qode_elementor_container_no\" data-id=\"5e6274a\" data-element_type=\"section\" data-e-type=\"section\">\n\t\t\t\t\t\t<div class=\"elementor-container elementor-column-gap-default\">\n\t\t\t\t\t<div class=\"elementor-column elementor-col-25 elementor-top-column elementor-element elementor-element-83a4c23\" data-id=\"83a4c23\" data-element_type=\"column\" data-e-type=\"column\">\n\t\t\t<div class=\"elementor-widget-wrap elementor-element-populated\">\n\t\t\t\t\t\t<div class=\"elementor-element elementor-element-a500671 elementor-widget elementor-widget-spacer\" data-id=\"a500671\" data-element_type=\"widget\" data-e-type=\"widget\" data-widget_type=\"spacer.default\">\n\t\t\t\t<div class=\"elementor-widget-container\">\n\t\t\t\t\t\t\t<div class=\"elementor-spacer\">\n\t\t\t<div class=\"elementor-spacer-inner\"><\/div>\n\t\t<\/div>\n\t\t\t\t\t\t<\/div>\n\t\t\t\t<\/div>\n\t\t\t\t<div class=\"elementor-element elementor-element-8774f12 elementor-widget elementor-widget-image\" data-id=\"8774f12\" data-element_type=\"widget\" data-e-type=\"widget\" data-widget_type=\"image.default\">\n\t\t\t\t<div class=\"elementor-widget-container\">\n\t\t\t\t\t\t\t\t\t\t\t\t<figure class=\"wp-caption\">\n\t\t\t\t\t\t\t\t\t\t<img loading=\"lazy\" decoding=\"async\" width=\"191\" height=\"244\" src=\"https:\/\/letscureacc.com\/wp-content\/uploads\/2024\/10\/Raul_Ribeiro.png\" class=\"attachment-large size-large wp-image-9419\" alt=\"\" \/>\t\t\t\t\t\t\t\t\t\t\t<figcaption class=\"widget-image-caption wp-caption-text\"><strong>Dr Raul C. Ribeiro<\/strong><br><small>MD Department of Oncology St. Jude Children\u2019s Research Hospital <\/small><\/figcaption>\n\t\t\t\t\t\t\t\t\t\t<\/figure>\n\t\t\t\t\t\t\t\t\t<\/div>\n\t\t\t\t<\/div>\n\t\t\t\t\t<\/div>\n\t\t<\/div>\n\t\t\t\t<div class=\"elementor-column elementor-col-25 elementor-top-column elementor-element elementor-element-8317a05\" data-id=\"8317a05\" data-element_type=\"column\" data-e-type=\"column\">\n\t\t\t<div class=\"elementor-widget-wrap elementor-element-populated\">\n\t\t\t\t\t\t<div class=\"elementor-element elementor-element-00055ab elementor-widget elementor-widget-spacer\" data-id=\"00055ab\" data-element_type=\"widget\" data-e-type=\"widget\" data-widget_type=\"spacer.default\">\n\t\t\t\t<div class=\"elementor-widget-container\">\n\t\t\t\t\t\t\t<div class=\"elementor-spacer\">\n\t\t\t<div class=\"elementor-spacer-inner\"><\/div>\n\t\t<\/div>\n\t\t\t\t\t\t<\/div>\n\t\t\t\t<\/div>\n\t\t\t\t<div class=\"elementor-element elementor-element-bc84660 elementor-widget elementor-widget-image\" data-id=\"bc84660\" data-element_type=\"widget\" data-e-type=\"widget\" data-widget_type=\"image.default\">\n\t\t\t\t<div class=\"elementor-widget-container\">\n\t\t\t\t\t\t\t\t\t\t\t\t<figure class=\"wp-caption\">\n\t\t\t\t\t\t\t\t\t\t<img loading=\"lazy\" decoding=\"async\" width=\"188\" height=\"240\" src=\"https:\/\/letscureacc.com\/wp-content\/uploads\/2024\/10\/Cristina_Ronchi.png\" class=\"attachment-large size-large wp-image-9355\" alt=\"\" \/>\t\t\t\t\t\t\t\t\t\t\t<figcaption class=\"widget-image-caption wp-caption-text\"><strong>Dr Cristina L. Ronchi <\/strong><br><small> Associate Professor in Endocrine Oncology and Honorary Consultant Endocrinologist - Queen Elizabeth Hospital Birmingham<br>President of ENSAT starting Jan. 2025\n<\/small><\/figcaption>\n\t\t\t\t\t\t\t\t\t\t<\/figure>\n\t\t\t\t\t\t\t\t\t<\/div>\n\t\t\t\t<\/div>\n\t\t\t\t\t<\/div>\n\t\t<\/div>\n\t\t\t\t<div class=\"elementor-column elementor-col-25 elementor-top-column elementor-element elementor-element-5bc473b\" data-id=\"5bc473b\" data-element_type=\"column\" data-e-type=\"column\">\n\t\t\t<div class=\"elementor-widget-wrap elementor-element-populated\">\n\t\t\t\t\t\t<div class=\"elementor-element elementor-element-4c175fa elementor-widget elementor-widget-spacer\" data-id=\"4c175fa\" data-element_type=\"widget\" data-e-type=\"widget\" data-widget_type=\"spacer.default\">\n\t\t\t\t<div class=\"elementor-widget-container\">\n\t\t\t\t\t\t\t<div class=\"elementor-spacer\">\n\t\t\t<div class=\"elementor-spacer-inner\"><\/div>\n\t\t<\/div>\n\t\t\t\t\t\t<\/div>\n\t\t\t\t<\/div>\n\t\t\t\t<div class=\"elementor-element elementor-element-2ea503e elementor-widget elementor-widget-image\" data-id=\"2ea503e\" data-element_type=\"widget\" data-e-type=\"widget\" data-widget_type=\"image.default\">\n\t\t\t\t<div class=\"elementor-widget-container\">\n\t\t\t\t\t\t\t\t\t\t\t\t<figure class=\"wp-caption\">\n\t\t\t\t\t\t\t\t\t\t<img loading=\"lazy\" decoding=\"async\" width=\"188\" height=\"240\" src=\"https:\/\/letscureacc.com\/wp-content\/uploads\/2024\/10\/Massimo_Terzolo.png\" class=\"attachment-large size-large wp-image-9411\" alt=\"\" \/>\t\t\t\t\t\t\t\t\t\t\t<figcaption class=\"widget-image-caption wp-caption-text\"><strong>Pr Massimo Terzolo<br><\/strong><small>Full Professor of Internal Medicine<br> Head of Division of Internal Medicine Director of Department of Clinical and Biological Sciences San Luigi Hospital<br> Orbassano University of Turin<\/small><\/figcaption>\n\t\t\t\t\t\t\t\t\t\t<\/figure>\n\t\t\t\t\t\t\t\t\t<\/div>\n\t\t\t\t<\/div>\n\t\t\t\t\t<\/div>\n\t\t<\/div>\n\t\t\t\t<div class=\"elementor-column elementor-col-25 elementor-top-column elementor-element elementor-element-304d25a\" data-id=\"304d25a\" data-element_type=\"column\" data-e-type=\"column\">\n\t\t\t<div class=\"elementor-widget-wrap\">\n\t\t\t\t\t\t\t<\/div>\n\t\t<\/div>\n\t\t\t\t\t<\/div>\n\t\t<\/section>\n\t\t\t\t<section class=\"elementor-section elementor-top-section elementor-element elementor-element-22ddd6a elementor-section-boxed elementor-section-height-default elementor-section-height-default parallax_section_no qode_elementor_container_no\" data-id=\"22ddd6a\" data-element_type=\"section\" data-e-type=\"section\">\n\t\t\t\t\t\t<div class=\"elementor-container elementor-column-gap-default\">\n\t\t\t\t\t<div class=\"elementor-column elementor-col-100 elementor-top-column elementor-element elementor-element-e265ebc\" data-id=\"e265ebc\" data-element_type=\"column\" data-e-type=\"column\">\n\t\t\t<div class=\"elementor-widget-wrap elementor-element-populated\">\n\t\t\t\t\t\t<div class=\"elementor-element elementor-element-32194ed elementor-widget elementor-widget-spacer\" data-id=\"32194ed\" data-element_type=\"widget\" data-e-type=\"widget\" data-widget_type=\"spacer.default\">\n\t\t\t\t<div class=\"elementor-widget-container\">\n\t\t\t\t\t\t\t<div class=\"elementor-spacer\">\n\t\t\t<div class=\"elementor-spacer-inner\"><\/div>\n\t\t<\/div>\n\t\t\t\t\t\t<\/div>\n\t\t\t\t<\/div>\n\t\t\t\t\t<\/div>\n\t\t<\/div>\n\t\t\t\t\t<\/div>\n\t\t<\/section>\n\t\t\t\t<\/div>\n\t\t","protected":false},"excerpt":{"rendered":"<p>\u8ba9\u6211\u4eec\u6cbb\u6108ACC\uff08Let&#8217;s Cure ACC\uff09\u533b\u5b66\u987e\u95ee\u59d4\u5458\u4f1a\u7b80\u4ecb \u8ba9\u6211\u4eec\u6cbb\u6108&#8230;<\/p>\n","protected":false},"author":416,"featured_media":0,"parent":0,"menu_order":0,"comment_status":"closed","ping_status":"closed","template":"full_width.php","meta":{"give_campaign_id":0,"inline_featured_image":false,"footnotes":""},"class_list":["post-9542","page","type-page","status-publish","hentry"],"campaignId":"","_links":{"self":[{"href":"https:\/\/letscureacc.com\/zh-hans\/wp-json\/wp\/v2\/pages\/9542","targetHints":{"allow":["GET"]}}],"collection":[{"href":"https:\/\/letscureacc.com\/zh-hans\/wp-json\/wp\/v2\/pages"}],"about":[{"href":"https:\/\/letscureacc.com\/zh-hans\/wp-json\/wp\/v2\/types\/page"}],"author":[{"embeddable":true,"href":"https:\/\/letscureacc.com\/zh-hans\/wp-json\/wp\/v2\/users\/416"}],"replies":[{"embeddable":true,"href":"https:\/\/letscureacc.com\/zh-hans\/wp-json\/wp\/v2\/comments?post=9542"}],"version-history":[{"count":0,"href":"https:\/\/letscureacc.com\/zh-hans\/wp-json\/wp\/v2\/pages\/9542\/revisions"}],"wp:attachment":[{"href":"https:\/\/letscureacc.com\/zh-hans\/wp-json\/wp\/v2\/media?parent=9542"}],"curies":[{"name":"wp","href":"https:\/\/api.w.org\/{rel}","templated":true}]}}